{"id":2459,"date":"2020-02-12T12:38:17","date_gmt":"2020-02-12T11:38:17","guid":{"rendered":"https:\/\/wienerneustadt1.at\/?page_id=2459"},"modified":"2020-02-18T20:59:47","modified_gmt":"2020-02-18T19:59:47","slug":"pfadis","status":"publish","type":"page","link":"https:\/\/wienerneustadt1.at\/index.php\/pfadis\/","title":{"rendered":"Pfadis"},"content":{"rendered":"\t\t<div data-elementor-type=\"wp-page\" data-elementor-id=\"2459\" class=\"elementor elementor-2459\">\n\t\t\t\t\t\t<section class=\"elementor-section elementor-top-section elementor-element elementor-element-631a376 elementor-section-boxed elementor-section-height-default elementor-section-height-default\" data-id=\"631a376\" data-element_type=\"section\">\n\t\t\t\t\t\t<div class=\"elementor-container elementor-column-gap-default\">\n\t\t\t\t\t<div class=\"elementor-column elementor-col-100 elementor-top-column elementor-element elementor-element-b7d3b0e\" data-id=\"b7d3b0e\" data-element_type=\"column\">\n\t\t\t<div class=\"elementor-widget-wrap elementor-element-populated\">\n\t\t\t\t\t\t<div class=\"elementor-element elementor-element-d597bb1 elementor-widget elementor-widget-heading\" data-id=\"d597bb1\" data-element_type=\"widget\" data-widget_type=\"heading.default\">\n\t\t\t\t<div class=\"elementor-widget-container\">\n\t\t\t\t\t<h2 class=\"elementor-heading-title elementor-size-xl\"><br>Wie werde ich Pfadfinder*in?<\/h2>\t\t\t\t<\/div>\n\t\t\t\t<\/div>\n\t\t\t\t\t<\/div>\n\t\t<\/div>\n\t\t\t\t\t<\/div>\n\t\t<\/section>\n\t\t\t\t<section class=\"elementor-section elementor-top-section elementor-element elementor-element-e0b21a7 elementor-section-boxed elementor-section-height-default elementor-section-height-default\" data-id=\"e0b21a7\" data-element_type=\"section\">\n\t\t\t\t\t\t<div class=\"elementor-container elementor-column-gap-default\">\n\t\t\t\t\t<div class=\"elementor-column elementor-col-100 elementor-top-column elementor-element elementor-element-231bd43\" data-id=\"231bd43\" data-element_type=\"column\">\n\t\t\t<div class=\"elementor-widget-wrap elementor-element-populated\">\n\t\t\t\t\t\t<div class=\"elementor-element elementor-element-3e33c34 elementor-widget elementor-widget-text-editor\" data-id=\"3e33c34\" data-element_type=\"widget\" data-widget_type=\"text-editor.default\">\n\t\t\t\t<div class=\"elementor-widget-container\">\n\t\t\t\t\t\t\t\t\t<p>Pfadfinder sein hei\u00dft, Abenteuer erleben, Freunde f\u00fcrs Leben finden und vor allem sinnvolle Freizeitgestaltung.<\/p><p>Du m\u00f6chtest Mitglied der weltweiten Pfadfinderbewegung werden? Der Weg ist ganz einfach:<\/p><h2>Komm zu einer unserer Heimstunden und schau dir die Pfadfinder*innen selbst an!<\/h2><p>Um die Pfadfinder kennenzulernen kannst du einfach in einer Heimstunde vorbei\u00adschauen! Ganz nach dem Motto: ,,Anschauen und bleiben, wenn es einem gef\u00e4llt!&#8220; Der Einstieg ist prinzipiell immer m\u00f6glich, der ideale Zeitpunkt ist allerdings im Herbst. Du kannst dann drei Heim\u00adstun\u00adden lang v\u00f6llig unverbindlich und kos\u00adten\u00adlos schnuppern kommen.<\/p><p>Die Heimstundenzeiten findest du auf der\u00a0<span style=\"color: #bf0000;\"><a style=\"color: #bf0000;\" href=\"https:\/\/wienerneustadt1.at\/\">Startseite<\/a><span style=\"color: #000000;\">.<\/span><\/span> Wenn m\u00f6glich, melde dich kurz bei dem betreffenden Stufenteam, damit wir wissen, dass du kommst und damit du auch wei\u00dft, ob die Heimstunde im Pfadfinderheim stattfindet.<\/p><h2>Suche die richtige Altersstufe f\u00fcr dich aus:<\/h2><p><span style=\"color: #bf0000;\"><a style=\"color: #bf0000;\" href=\"https:\/\/wienerneustadt1.at\/index.php\/biber\/\">Biber<\/a>:<\/span> 5 &#8211; 7 Jahre\u00a0 \u00a0 \u00a0 \u00a0 \u00a0 \u00a0 \u00a0 \u00a0 \u00a0 \u00a0 \u00a0 \u00a0 \u00a0 \u00a0 \u00a0 \u00a0 \u00a0 \u00a0 \u2192 biber-team@wienerneustadt1.at<br \/><span style=\"color: #bf0000;\"><a style=\"color: #bf0000;\" href=\"https:\/\/wienerneustadt1.at\/index.php\/wiwoe\/\">Wichtel &amp; W\u00f6lflinge<\/a>:<\/span> 7 &#8211; 10 Jahre\u00a0 \u00a0 \u00a0 \u2192 wiwoe-team@wienerneustadt1.at<br \/><span style=\"color: #bf0000;\"><a style=\"color: #bf0000;\" href=\"https:\/\/wienerneustadt1.at\/index.php\/gusp\/\">Guides &amp; Sp\u00e4her<\/a>:<\/span> 10 &#8211; 13 Jahre\u00a0 \u00a0 \u00a0 \u00a0 \u00a0 \u2192 gusp-team@wienerneustadt1.at<br \/><span style=\"color: #bf0000;\"><a style=\"color: #bf0000;\" href=\"https:\/\/wienerneustadt1.at\/index.php\/caex\/\">Caravelles &amp; Explorer<\/a>:<\/span> 13 &#8211; 16 Jahre \u2192 caex-team@wienerneustadt1.at<br \/><span style=\"color: #bf0000;\"><a style=\"color: #bf0000;\" href=\"https:\/\/wienerneustadt1.at\/index.php\/raro\/\">Ranger &amp; Rover<\/a>:<\/span> 16 &#8211; 20 Jahre\u00a0 \u00a0 \u00a0 \u00a0 \u00a0 \u00a0 \u2192 raro-team@wienerneustadt1.at<\/p>\t\t\t\t\t\t\t\t<\/div>\n\t\t\t\t<\/div>\n\t\t\t\t<div class=\"elementor-element elementor-element-dfa0ee3 elementor-alert-warning elementor-widget elementor-widget-alert\" data-id=\"dfa0ee3\" data-element_type=\"widget\" data-widget_type=\"alert.default\">\n\t\t\t\t<div class=\"elementor-widget-container\">\n\t\t\t\t\t\t\t<div class=\"elementor-alert\" role=\"alert\">\n\n\t\t\t\t\t\t<span class=\"elementor-alert-title\">ACHTUNG!<\/span>\n\t\t\t\n\t\t\t\t\t\t<span class=\"elementor-alert-description\">In den Altersstufen Biber und WiW\u00f6 gibt es auf Grund hoher Auslastung derzeit Wartelisten. Interessenten k\u00f6nnen sich unter web@wienerneustadt1.at anmelden und werden bei freiwerdenen Pl\u00e4tzen nach der Reihe kontaktiert. Kinder, die von den Bibern zu den WiW\u00f6 \u00fcberstellt werden haben nat\u00fcrlich einen Fixplatz!<\/span>\n\t\t\t\n\t\t\t\n\t\t<\/div>\n\t\t\t\t\t\t<\/div>\n\t\t\t\t<\/div>\n\t\t\t\t<div class=\"elementor-element elementor-element-ea5a344 elementor-widget elementor-widget-text-editor\" data-id=\"ea5a344\" data-element_type=\"widget\" data-widget_type=\"text-editor.default\">\n\t\t\t\t<div class=\"elementor-widget-container\">\n\t\t\t\t\t\t\t\t\t<h2>Wenn du ein paar Heimstunden besucht hast, dann melde dich bei uns an!<\/h2><p>Nat\u00fcrlich nur, wenn es dir gut gef\u00e4llt!<\/p><p>Das Anmeldeformular f\u00fcr Biber, WiW\u00f6, GuSp, CaEx und RaRo findest du <a href=\"https:\/\/wienerneustadt1.at\/wp-content\/uploads\/2020\/01\/regbrief.pdf\" target=\"_blank\" rel=\"noopener\">hier.<\/a><br \/>Das Anmeldeformular f\u00fcr Erwachsene findest du <a href=\"https:\/\/wienerneustadt1.at\/wp-content\/uploads\/2020\/01\/regbrief-erw.pdf\" target=\"_blank\" rel=\"noopener\">hier.<\/a><\/p>\t\t\t\t\t\t\t\t<\/div>\n\t\t\t\t<\/div>\n\t\t\t\t\t<\/div>\n\t\t<\/div>\n\t\t\t\t\t<\/div>\n\t\t<\/section>\n\t\t\t\t<section class=\"elementor-section elementor-top-section elementor-element elementor-element-67a4a85 elementor-section-boxed elementor-section-height-default elementor-section-height-default\" data-id=\"67a4a85\" data-element_type=\"section\">\n\t\t\t\t\t\t<div class=\"elementor-container elementor-column-gap-default\">\n\t\t\t\t\t<div class=\"elementor-column elementor-col-100 elementor-top-column elementor-element elementor-element-d8b9817\" data-id=\"d8b9817\" data-element_type=\"column\">\n\t\t\t<div class=\"elementor-widget-wrap elementor-element-populated\">\n\t\t\t\t\t\t<div class=\"elementor-element elementor-element-30d9471 elementor-widget elementor-widget-video\" data-id=\"30d9471\" data-element_type=\"widget\" data-settings=\"{&quot;youtube_url&quot;:&quot;https:\\\/\\\/www.youtube.com\\\/watch?v=erHTbaDAYNc&amp;list=PLDD45F827CAE02E8C&quot;,&quot;video_type&quot;:&quot;youtube&quot;,&quot;controls&quot;:&quot;yes&quot;}\" data-widget_type=\"video.default\">\n\t\t\t\t<div class=\"elementor-widget-container\">\n\t\t\t\t\t\t\t<div class=\"elementor-wrapper elementor-open-inline\">\n\t\t\t<div class=\"elementor-video\"><\/div>\t\t<\/div>\n\t\t\t\t\t\t<\/div>\n\t\t\t\t<\/div>\n\t\t\t\t\t<\/div>\n\t\t<\/div>\n\t\t\t\t\t<\/div>\n\t\t<\/section>\n\t\t\t\t<\/div>\n\t\t","protected":false},"excerpt":{"rendered":"<p>Wie werde ich Pfadfinder*in? Pfadfinder sein hei\u00dft, Abenteuer erleben, Freunde f\u00fcrs Leben finden und vor allem sinnvolle Freizeitgestaltung. Du m\u00f6chtest Mitglied der weltweiten Pfadfinderbewegung werden? Der Weg ist ganz einfach: Komm zu einer unserer Heimstunden und schau dir die Pfadfinder*innen selbst an! Um die Pfadfinder kennenzulernen kannst du einfach in einer Heimstunde vorbei\u00adschauen! Ganz nach [&hellip;]<\/p>\n","protected":false},"author":1,"featured_media":0,"parent":0,"menu_order":0,"comment_status":"closed","ping_status":"closed","template":"","meta":{"ocean_post_layout":"","ocean_both_sidebars_style":"","ocean_both_sidebars_content_width":0,"ocean_both_sidebars_sidebars_width":0,"ocean_sidebar":"0","ocean_second_sidebar":"0","ocean_disable_margins":"enable","ocean_add_body_class":"","ocean_shortcode_before_top_bar":"","ocean_shortcode_after_top_bar":"","ocean_shortcode_before_header":"","ocean_shortcode_after_header":"","ocean_has_shortcode":"","ocean_shortcode_after_title":"","ocean_shortcode_before_footer_widgets":"","ocean_shortcode_after_footer_widgets":"","ocean_shortcode_before_footer_bottom":"","ocean_shortcode_after_footer_bottom":"","ocean_display_top_bar":"default","ocean_display_header":"default","ocean_header_style":"","ocean_center_header_left_menu":"0","ocean_custom_header_template":"0","ocean_custom_logo":0,"ocean_custom_retina_logo":0,"ocean_custom_logo_max_width":0,"ocean_custom_logo_tablet_max_width":0,"ocean_custom_logo_mobile_max_width":0,"ocean_custom_logo_max_height":0,"ocean_custom_logo_tablet_max_height":0,"ocean_custom_logo_mobile_max_height":0,"ocean_header_custom_menu":"0","ocean_menu_typo_font_family":"0","ocean_menu_typo_font_subset":"","ocean_menu_typo_font_size":0,"ocean_menu_typo_font_size_tablet":0,"ocean_menu_typo_font_size_mobile":0,"ocean_menu_typo_font_size_unit":"px","ocean_menu_typo_font_weight":"","ocean_menu_typo_font_weight_tablet":"","ocean_menu_typo_font_weight_mobile":"","ocean_menu_typo_transform":"","ocean_menu_typo_transform_tablet":"","ocean_menu_typo_transform_mobile":"","ocean_menu_typo_line_height":0,"ocean_menu_typo_line_height_tablet":0,"ocean_menu_typo_line_height_mobile":0,"ocean_menu_typo_line_height_unit":"","ocean_menu_typo_spacing":0,"ocean_menu_typo_spacing_tablet":0,"ocean_menu_typo_spacing_mobile":0,"ocean_menu_typo_spacing_unit":"","ocean_menu_link_color":"","ocean_menu_link_color_hover":"","ocean_menu_link_color_active":"","ocean_menu_link_background":"","ocean_menu_link_hover_background":"","ocean_menu_link_active_background":"","ocean_menu_social_links_bg":"","ocean_menu_social_hover_links_bg":"","ocean_menu_social_links_color":"","ocean_menu_social_hover_links_color":"","ocean_disable_title":"default","ocean_disable_heading":"on","ocean_post_title":"","ocean_post_subheading":"","ocean_post_title_style":"background-image","ocean_post_title_background_color":"","ocean_post_title_background":1783,"ocean_post_title_bg_image_position":"","ocean_post_title_bg_image_attachment":"","ocean_post_title_bg_image_repeat":"","ocean_post_title_bg_image_size":"","ocean_post_title_height":650,"ocean_post_title_bg_overlay":0.5,"ocean_post_title_bg_overlay_color":"","ocean_disable_breadcrumbs":"off","ocean_breadcrumbs_color":"","ocean_breadcrumbs_separator_color":"","ocean_breadcrumbs_links_color":"","ocean_breadcrumbs_links_hover_color":"","ocean_display_footer_widgets":"default","ocean_display_footer_bottom":"default","ocean_custom_footer_template":"0","footnotes":""},"class_list":["post-2459","page","type-page","status-publish","hentry","entry"],"_links":{"self":[{"href":"https:\/\/wienerneustadt1.at\/index.php\/wp-json\/wp\/v2\/pages\/2459","targetHints":{"allow":["GET"]}}],"collection":[{"href":"https:\/\/wienerneustadt1.at\/index.php\/wp-json\/wp\/v2\/pages"}],"about":[{"href":"https:\/\/wienerneustadt1.at\/index.php\/wp-json\/wp\/v2\/types\/page"}],"author":[{"embeddable":true,"href":"https:\/\/wienerneustadt1.at\/index.php\/wp-json\/wp\/v2\/users\/1"}],"replies":[{"embeddable":true,"href":"https:\/\/wienerneustadt1.at\/index.php\/wp-json\/wp\/v2\/comments?post=2459"}],"version-history":[{"count":3,"href":"https:\/\/wienerneustadt1.at\/index.php\/wp-json\/wp\/v2\/pages\/2459\/revisions"}],"predecessor-version":[{"id":2466,"href":"https:\/\/wienerneustadt1.at\/index.php\/wp-json\/wp\/v2\/pages\/2459\/revisions\/2466"}],"wp:attachment":[{"href":"https:\/\/wienerneustadt1.at\/index.php\/wp-json\/wp\/v2\/media?parent=2459"}],"curies":[{"name":"wp","href":"https:\/\/api.w.org\/{rel}","templated":true}]}}