{"id":1394,"date":"2019-07-24T15:50:26","date_gmt":"2019-07-24T13:50:26","guid":{"rendered":"https:\/\/beispielwebsite.das-ppoe.at\/?page_id=1394"},"modified":"2026-02-05T23:17:06","modified_gmt":"2026-02-05T22:17:06","slug":"pfadi-werden","status":"publish","type":"page","link":"https:\/\/wienerneustadt1.at\/index.php\/pfadi-werden\/","title":{"rendered":"Pfadfinder*in werden"},"content":{"rendered":"\t\t<div data-elementor-type=\"wp-post\" data-elementor-id=\"1394\" class=\"elementor elementor-1394\">\n\t\t\t\t\t\t<section class=\"elementor-section elementor-top-section elementor-element elementor-element-7386721 elementor-section-boxed elementor-section-height-default elementor-section-height-default\" data-id=\"7386721\" data-element_type=\"section\">\n\t\t\t\t\t\t<div class=\"elementor-container elementor-column-gap-default\">\n\t\t\t\t\t<div class=\"elementor-column elementor-col-100 elementor-top-column elementor-element elementor-element-d429739\" data-id=\"d429739\" data-element_type=\"column\">\n\t\t\t<div class=\"elementor-widget-wrap elementor-element-populated\">\n\t\t\t\t\t\t<div class=\"elementor-element elementor-element-3fe6df4 elementor-widget elementor-widget-spacer\" data-id=\"3fe6df4\" data-element_type=\"widget\" data-widget_type=\"spacer.default\">\n\t\t\t\t<div class=\"elementor-widget-container\">\n\t\t\t\t\t\t\t<div class=\"elementor-spacer\">\n\t\t\t<div class=\"elementor-spacer-inner\"><\/div>\n\t\t<\/div>\n\t\t\t\t\t\t<\/div>\n\t\t\t\t<\/div>\n\t\t\t\t<div class=\"elementor-element elementor-element-f7e0c82 elementor-widget elementor-widget-heading\" data-id=\"f7e0c82\" data-element_type=\"widget\" data-widget_type=\"heading.default\">\n\t\t\t\t<div class=\"elementor-widget-container\">\n\t\t\t\t\t<h2 class=\"elementor-heading-title elementor-size-xl\">Wie werde ich Pfadfinder*in?<\/h2>\t\t\t\t<\/div>\n\t\t\t\t<\/div>\n\t\t\t\t\t<\/div>\n\t\t<\/div>\n\t\t\t\t\t<\/div>\n\t\t<\/section>\n\t\t\t\t<section class=\"elementor-section elementor-top-section elementor-element elementor-element-5d3bd56 elementor-section-boxed elementor-section-height-default elementor-section-height-default\" data-id=\"5d3bd56\" data-element_type=\"section\">\n\t\t\t\t\t\t<div class=\"elementor-container elementor-column-gap-default\">\n\t\t\t\t\t<div class=\"elementor-column elementor-col-100 elementor-top-column elementor-element elementor-element-a92ac66\" data-id=\"a92ac66\" data-element_type=\"column\">\n\t\t\t<div class=\"elementor-widget-wrap elementor-element-populated\">\n\t\t\t\t\t\t<div class=\"elementor-element elementor-element-ee0e063 elementor-widget elementor-widget-text-editor\" data-id=\"ee0e063\" data-element_type=\"widget\" data-widget_type=\"text-editor.default\">\n\t\t\t\t<div class=\"elementor-widget-container\">\n\t\t\t\t\t\t\t\t\t<p>Pfadfinder*in sein hei\u00dft, Abenteuer erleben, Freunde f\u00fcrs Leben finden und vor allem sinnvolle Freizeitgestaltung.<\/p><p>Du m\u00f6chtest Mitglied der weltweiten Pfadfinderbewegung werden? Der Weg ist ganz einfach:<\/p><h2>Melde dich bei dem betreffenden Stufenteam, komm zu einer unserer Heimstunden und schau dir die Pfadfinder*innen selbst an!<\/h2><p>Ganz nach dem Motto: ,,Anschauen und bleiben, wenn es dir gef\u00e4llt!&#8220; Der Einstieg ist prinzipiell immer m\u00f6glich, der ideale Zeitpunkt ist allerdings im Herbst. Du kannst drei Heim\u00adstun\u00adden lang v\u00f6llig unverbindlich und kos\u00adten\u00adlos schnuppern kommen.<\/p><p>Die Heimstundenzeiten findest du auf der\u00a0<span style=\"color: #bf0000;\"><a style=\"color: #bf0000;\" href=\"https:\/\/wienerneustadt1.at\/\">Startseite<\/a><span style=\"color: #000000;\">.<\/span><\/span> Also melde dich kurz bei dem betreffenden Stufenteam, damit wir wissen, dass du kommst und damit du auch wei\u00dft, ob die Heimstunde im Heim stattfindet.<\/p><h2>Suche die richtige Altersstufe f\u00fcr dich aus:<\/h2>\t\t\t\t\t\t\t\t<\/div>\n\t\t\t\t<\/div>\n\t\t\t\t<div class=\"elementor-element elementor-element-3adcf12 elementor-widget elementor-widget-text-editor\" data-id=\"3adcf12\" data-element_type=\"widget\" data-widget_type=\"text-editor.default\">\n\t\t\t\t<div class=\"elementor-widget-container\">\n\t\t\t\t\t\t\t\t\t<h2><a href=\"https:\/\/wienerneustadt1.at\/index.php\/biber\/\">Biber 5-7 Jahre<\/a><\/h2>\n<href=\"mailto:biber-team@wienerneustadt1.at\">biber-team@wienerneustadt1.at\u00a0<\/a>\n<\/span>\t\t\t\t\t\t\t\t<\/div>\n\t\t\t\t<\/div>\n\t\t\t\t<div class=\"elementor-element elementor-element-01d19fa elementor-widget elementor-widget-text-editor\" data-id=\"01d19fa\" data-element_type=\"widget\" data-widget_type=\"text-editor.default\">\n\t\t\t\t<div class=\"elementor-widget-container\">\n\t\t\t\t\t\t\t\t\t<h2><a href=\"https:\/\/wienerneustadt1.at\/index.php\/wiwoe\/\">Wichtel &amp; W\u00f6lflinge 7-10 Jahre<\/a><\/h2><p><a href=\"mailto:wiwoe-team@wienerneustadt1.at\">wiwoe-team@wienerneustadt1.at <\/a><\/p>\t\t\t\t\t\t\t\t<\/div>\n\t\t\t\t<\/div>\n\t\t\t\t<div class=\"elementor-element elementor-element-24c2da4 elementor-widget elementor-widget-text-editor\" data-id=\"24c2da4\" data-element_type=\"widget\" data-widget_type=\"text-editor.default\">\n\t\t\t\t<div class=\"elementor-widget-container\">\n\t\t\t\t\t\t\t\t\t<h2><a href=\"https:\/\/wienerneustadt1.at\/index.php\/gusp\/\">Guides &amp; Sp\u00e4her 10-13 Jahre<\/a><\/h2><p><a href=\"mailto:gusp-team@wienerneustadt1.at\">gusp-team@wienerneustadt1.at<\/a><\/p>\t\t\t\t\t\t\t\t<\/div>\n\t\t\t\t<\/div>\n\t\t\t\t<div class=\"elementor-element elementor-element-dfdf2e8 elementor-widget elementor-widget-text-editor\" data-id=\"dfdf2e8\" data-element_type=\"widget\" data-widget_type=\"text-editor.default\">\n\t\t\t\t<div class=\"elementor-widget-container\">\n\t\t\t\t\t\t\t\t\t<h2><a href=\"https:\/\/wienerneustadt1.at\/index.php\/caex\/\">Caravelles &amp; Explorer <\/a><a href=\"https:\/\/wienerneustadt1.at\/index.php\/caex\/\">13-16 Jahre<\/a><\/h2><p><a href=\"mailto:caex-team@wienerneustadt1.at\">caex-team@wienerneustadt1.at<\/a><\/p>\t\t\t\t\t\t\t\t<\/div>\n\t\t\t\t<\/div>\n\t\t\t\t<div class=\"elementor-element elementor-element-aa601ca elementor-widget elementor-widget-text-editor\" data-id=\"aa601ca\" data-element_type=\"widget\" data-widget_type=\"text-editor.default\">\n\t\t\t\t<div class=\"elementor-widget-container\">\n\t\t\t\t\t\t\t\t\t<h2><a href=\"https:\/\/wienerneustadt1.at\/index.php\/raro\/\">Ranger &amp; Rover 16-20 Jahre<\/a><\/h2><p><a href=\"mailto:raro-team@wienerneustadt1.at\">raro-team@wienerneustadt1.at<\/a><\/p>\t\t\t\t\t\t\t\t<\/div>\n\t\t\t\t<\/div>\n\t\t\t\t\t<\/div>\n\t\t<\/div>\n\t\t\t\t\t<\/div>\n\t\t<\/section>\n\t\t\t\t<section class=\"elementor-section elementor-top-section elementor-element elementor-element-7eed378 elementor-section-boxed elementor-section-height-default elementor-section-height-default\" data-id=\"7eed378\" data-element_type=\"section\">\n\t\t\t\t\t\t<div class=\"elementor-container elementor-column-gap-default\">\n\t\t\t\t\t<div class=\"elementor-column elementor-col-100 elementor-top-column elementor-element elementor-element-0426049\" data-id=\"0426049\" data-element_type=\"column\">\n\t\t\t<div class=\"elementor-widget-wrap\">\n\t\t\t\t\t\t\t<\/div>\n\t\t<\/div>\n\t\t\t\t\t<\/div>\n\t\t<\/section>\n\t\t\t\t<section class=\"elementor-section elementor-top-section elementor-element elementor-element-c6113bf elementor-section-boxed elementor-section-height-default elementor-section-height-default\" data-id=\"c6113bf\" data-element_type=\"section\">\n\t\t\t\t\t\t<div class=\"elementor-container elementor-column-gap-default\">\n\t\t\t\t\t<div class=\"elementor-column elementor-col-100 elementor-top-column elementor-element elementor-element-1b0e2d7\" data-id=\"1b0e2d7\" data-element_type=\"column\">\n\t\t\t<div class=\"elementor-widget-wrap elementor-element-populated\">\n\t\t\t\t\t\t<div class=\"elementor-element elementor-element-c384836 elementor-widget elementor-widget-text-editor\" data-id=\"c384836\" data-element_type=\"widget\" data-widget_type=\"text-editor.default\">\n\t\t\t\t<div class=\"elementor-widget-container\">\n\t\t\t\t\t\t\t\t\t<h2>Wenn du drei Heimstunden besucht hast, entscheidest du, ob du bleiben m\u00f6chtest und wirst fix angemeldet!<\/h2><p>Nat\u00fcrlich nur, wenn es dir gut gef\u00e4llt!<\/p><p>Das Anmeldeformular findest du in unserem <span style=\"text-decoration: underline;\"><a href=\"https:\/\/wienerneustadt1.at\/index.php\/downloads\/\">Downloadbereich<\/a><\/span><\/p>\t\t\t\t\t\t\t\t<\/div>\n\t\t\t\t<\/div>\n\t\t\t\t<div class=\"elementor-element elementor-element-2238abf elementor-widget elementor-widget-video\" data-id=\"2238abf\" data-element_type=\"widget\" data-settings=\"{&quot;youtube_url&quot;:&quot;https:\\\/\\\/www.youtube.com\\\/watch?v=q0Zp_ingaiQ&amp;t=5s&quot;,&quot;video_type&quot;:&quot;youtube&quot;,&quot;controls&quot;:&quot;yes&quot;}\" data-widget_type=\"video.default\">\n\t\t\t\t<div class=\"elementor-widget-container\">\n\t\t\t\t\t\t\t<div class=\"elementor-wrapper elementor-open-inline\">\n\t\t\t<div class=\"elementor-video\"><\/div>\t\t<\/div>\n\t\t\t\t\t\t<\/div>\n\t\t\t\t<\/div>\n\t\t\t\t\t<\/div>\n\t\t<\/div>\n\t\t\t\t\t<\/div>\n\t\t<\/section>\n\t\t\t\t<\/div>\n\t\t","protected":false},"excerpt":{"rendered":"<p>Wie werde ich Pfadfinder*in? Pfadfinder*in sein hei\u00dft, Abenteuer erleben, Freunde f\u00fcrs Leben finden und vor allem sinnvolle Freizeitgestaltung. Du m\u00f6chtest Mitglied der weltweiten Pfadfinderbewegung werden? Der Weg ist ganz einfach: Melde dich bei dem betreffenden Stufenteam, komm zu einer unserer Heimstunden und schau dir die Pfadfinder*innen selbst an! Ganz nach dem Motto: ,,Anschauen und bleiben, [&hellip;]<\/p>\n","protected":false},"author":1,"featured_media":0,"parent":0,"menu_order":0,"comment_status":"closed","ping_status":"closed","template":"elementor_header_footer","meta":{"ocean_post_layout":"full-screen","ocean_both_sidebars_style":"","ocean_both_sidebars_content_width":0,"ocean_both_sidebars_sidebars_width":0,"ocean_sidebar":"0","ocean_second_sidebar":"0","ocean_disable_margins":"enable","ocean_add_body_class":"","ocean_shortcode_before_top_bar":"","ocean_shortcode_after_top_bar":"","ocean_shortcode_before_header":"","ocean_shortcode_after_header":"","ocean_has_shortcode":"","ocean_shortcode_after_title":"","ocean_shortcode_before_footer_widgets":"","ocean_shortcode_after_footer_widgets":"","ocean_shortcode_before_footer_bottom":"","ocean_shortcode_after_footer_bottom":"","ocean_display_top_bar":"default","ocean_display_header":"default","ocean_header_style":"","ocean_center_header_left_menu":"0","ocean_custom_header_template":"0","ocean_custom_logo":0,"ocean_custom_retina_logo":0,"ocean_custom_logo_max_width":0,"ocean_custom_logo_tablet_max_width":0,"ocean_custom_logo_mobile_max_width":0,"ocean_custom_logo_max_height":0,"ocean_custom_logo_tablet_max_height":0,"ocean_custom_logo_mobile_max_height":0,"ocean_header_custom_menu":"0","ocean_menu_typo_font_family":"0","ocean_menu_typo_font_subset":"","ocean_menu_typo_font_size":0,"ocean_menu_typo_font_size_tablet":0,"ocean_menu_typo_font_size_mobile":0,"ocean_menu_typo_font_size_unit":"px","ocean_menu_typo_font_weight":"","ocean_menu_typo_font_weight_tablet":"","ocean_menu_typo_font_weight_mobile":"","ocean_menu_typo_transform":"","ocean_menu_typo_transform_tablet":"","ocean_menu_typo_transform_mobile":"","ocean_menu_typo_line_height":0,"ocean_menu_typo_line_height_tablet":0,"ocean_menu_typo_line_height_mobile":0,"ocean_menu_typo_line_height_unit":"","ocean_menu_typo_spacing":0,"ocean_menu_typo_spacing_tablet":0,"ocean_menu_typo_spacing_mobile":0,"ocean_menu_typo_spacing_unit":"","ocean_menu_link_color":"","ocean_menu_link_color_hover":"","ocean_menu_link_color_active":"","ocean_menu_link_background":"","ocean_menu_link_hover_background":"","ocean_menu_link_active_background":"","ocean_menu_social_links_bg":"","ocean_menu_social_hover_links_bg":"","ocean_menu_social_links_color":"","ocean_menu_social_hover_links_color":"","ocean_disable_title":"default","ocean_disable_heading":"on","ocean_post_title":"","ocean_post_subheading":"","ocean_post_title_style":"background-image","ocean_post_title_background_color":"","ocean_post_title_background":1783,"ocean_post_title_bg_image_position":"","ocean_post_title_bg_image_attachment":"","ocean_post_title_bg_image_repeat":"","ocean_post_title_bg_image_size":"","ocean_post_title_height":500,"ocean_post_title_bg_overlay":0.5,"ocean_post_title_bg_overlay_color":"","ocean_disable_breadcrumbs":"off","ocean_breadcrumbs_color":"","ocean_breadcrumbs_separator_color":"","ocean_breadcrumbs_links_color":"","ocean_breadcrumbs_links_hover_color":"","ocean_display_footer_widgets":"default","ocean_display_footer_bottom":"default","ocean_custom_footer_template":"0","footnotes":""},"class_list":["post-1394","page","type-page","status-publish","hentry","entry"],"_links":{"self":[{"href":"https:\/\/wienerneustadt1.at\/index.php\/wp-json\/wp\/v2\/pages\/1394","targetHints":{"allow":["GET"]}}],"collection":[{"href":"https:\/\/wienerneustadt1.at\/index.php\/wp-json\/wp\/v2\/pages"}],"about":[{"href":"https:\/\/wienerneustadt1.at\/index.php\/wp-json\/wp\/v2\/types\/page"}],"author":[{"embeddable":true,"href":"https:\/\/wienerneustadt1.at\/index.php\/wp-json\/wp\/v2\/users\/1"}],"replies":[{"embeddable":true,"href":"https:\/\/wienerneustadt1.at\/index.php\/wp-json\/wp\/v2\/comments?post=1394"}],"version-history":[{"count":113,"href":"https:\/\/wienerneustadt1.at\/index.php\/wp-json\/wp\/v2\/pages\/1394\/revisions"}],"predecessor-version":[{"id":5932,"href":"https:\/\/wienerneustadt1.at\/index.php\/wp-json\/wp\/v2\/pages\/1394\/revisions\/5932"}],"wp:attachment":[{"href":"https:\/\/wienerneustadt1.at\/index.php\/wp-json\/wp\/v2\/media?parent=1394"}],"curies":[{"name":"wp","href":"https:\/\/api.w.org\/{rel}","templated":true}]}}