{"id":1348,"date":"2019-07-22T17:12:07","date_gmt":"2019-07-22T15:12:07","guid":{"rendered":"https:\/\/beispielwebsite.das-ppoe.at\/?page_id=1348"},"modified":"2024-09-25T15:57:05","modified_gmt":"2024-09-25T13:57:05","slug":"biber","status":"publish","type":"page","link":"https:\/\/wienerneustadt1.at\/index.php\/biber\/","title":{"rendered":"Biber"},"content":{"rendered":"\t\t<div data-elementor-type=\"wp-post\" data-elementor-id=\"1348\" class=\"elementor elementor-1348\">\n\t\t\t\t\t\t<section class=\"elementor-section elementor-top-section elementor-element elementor-element-86b860e elementor-section-full_width elementor-section-height-default elementor-section-height-default\" data-id=\"86b860e\" data-element_type=\"section\">\n\t\t\t\t\t\t<div class=\"elementor-container elementor-column-gap-no\">\n\t\t\t\t\t<div class=\"elementor-column elementor-col-100 elementor-top-column elementor-element elementor-element-e95ddef\" data-id=\"e95ddef\" data-element_type=\"column\">\n\t\t\t<div class=\"elementor-widget-wrap\">\n\t\t\t\t\t\t\t<\/div>\n\t\t<\/div>\n\t\t\t\t\t<\/div>\n\t\t<\/section>\n\t\t\t\t<section class=\"elementor-section elementor-top-section elementor-element elementor-element-b3745a7 elementor-section-boxed elementor-section-height-default elementor-section-height-default\" data-id=\"b3745a7\" data-element_type=\"section\">\n\t\t\t\t\t\t<div class=\"elementor-container elementor-column-gap-default\">\n\t\t\t\t\t<div class=\"elementor-column elementor-col-100 elementor-top-column elementor-element elementor-element-bf4eb96\" data-id=\"bf4eb96\" data-element_type=\"column\">\n\t\t\t<div class=\"elementor-widget-wrap elementor-element-populated\">\n\t\t\t\t\t\t<div class=\"elementor-element elementor-element-2f60f84 elementor-widget elementor-widget-heading\" data-id=\"2f60f84\" data-element_type=\"widget\" data-widget_type=\"heading.default\">\n\t\t\t\t<div class=\"elementor-widget-container\">\n\t\t\t\t\t<h1 class=\"elementor-heading-title elementor-size-xl\">Biber (5-7 Jahre)<\/h1>\t\t\t\t<\/div>\n\t\t\t\t<\/div>\n\t\t\t\t<div class=\"elementor-element elementor-element-fb3b3d9 elementor-widget elementor-widget-text-editor\" data-id=\"fb3b3d9\" data-element_type=\"widget\" data-widget_type=\"text-editor.default\">\n\t\t\t\t<div class=\"elementor-widget-container\">\n\t\t\t\t\t\t\t\t\t<p>Die j\u00fcngsten Pfadfinder*innen hei\u00dfen Biber (M\u00e4dchen und Buben). Nach ihrem Gesetz \u201eWir Biber haben Spa\u00df, Wir Biber sind flei\u00dfig, Wir Biber helfen unserer Biberfamilie und unseren Freunden\u201d lernen die Kinder durch Singen, Basteln und Spielen das Leben in der Gemeinschaft kennen und erkunden spielerisch ihre Umgebung. Biber teilen und helfen zu\u00adsammen! Sie haben Spa\u00df, sind flei\u00dfig und helfen ihrer Familie und ihren Freunden. Ge\u00admeinsam lernen sie, die Natur zu sch\u00fctzen.<\/p>\n<p>Biber treffen sich einmal in der Woche zur Heimstunde. Sie nehmen an ausgew\u00e4hlten Gruppenveranstaltungen teil und machen einmal pro Jahr ein Biberschl\u00e4fchen (eine \u00dcbernachtung im Heim).<\/p>\n<p><strong>Unsere Biber-Heimstunden finden jeden Sonntag von 9:30<\/strong> <strong>\u2013 11:00&nbsp;Uhr statt.<\/strong><\/p>\n<p>E-Mail:&nbsp;<span style=\"color: #c31c1c;\"><a style=\"color: #c31c1c;\" href=\"mailto:biber-team@wienerneustadt1.at\">biber-team@wienerneustadt1.at<\/a><\/span><\/p>\n<h1 style=\"text-align: center;\">&nbsp;<\/h1>\t\t\t\t\t\t\t\t<\/div>\n\t\t\t\t<\/div>\n\t\t\t\t\t<\/div>\n\t\t<\/div>\n\t\t\t\t\t<\/div>\n\t\t<\/section>\n\t\t\t\t<section class=\"elementor-section elementor-top-section elementor-element elementor-element-d23ebf2 elementor-section-boxed elementor-section-height-default elementor-section-height-default\" data-id=\"d23ebf2\" data-element_type=\"section\">\n\t\t\t\t\t\t<div class=\"elementor-container elementor-column-gap-default\">\n\t\t\t\t\t<div class=\"elementor-column elementor-col-100 elementor-top-column elementor-element elementor-element-e1ebc41\" data-id=\"e1ebc41\" data-element_type=\"column\">\n\t\t\t<div class=\"elementor-widget-wrap elementor-element-populated\">\n\t\t\t\t\t\t<div class=\"elementor-element elementor-element-122b342 elementor-widget elementor-widget-heading\" data-id=\"122b342\" data-element_type=\"widget\" data-widget_type=\"heading.default\">\n\t\t\t\t<div class=\"elementor-widget-container\">\n\t\t\t\t\t<h1 class=\"elementor-heading-title elementor-size-default\">Leiter*innen<\/h1>\t\t\t\t<\/div>\n\t\t\t\t<\/div>\n\t\t\t\t<div class=\"elementor-element elementor-element-0da6584 elementor-widget elementor-widget-lae-team-members\" data-id=\"0da6584\" data-element_type=\"widget\" data-widget_type=\"lae-team-members.default\">\n\t\t\t\t<div class=\"elementor-widget-container\">\n\t\t\t\t\t\n\n<div        class=\"lae-team-members lae-team-members-style1 lae-uber-grid-container  lae-grid-auto-column-layout\" >\n\n    \n        \n        \n        \n<div class=\"lae-team-member-wrapper\">\n\n    \n    <div class=\"lae-team-member \" >\n\n        <div class=\"lae-image-wrapper\">\n\n            \n                \n                \n                    <img fetchpriority=\"high\" decoding=\"async\" width=\"225\" height=\"300\" src=\"https:\/\/wienerneustadt1.at\/wp-content\/uploads\/2021\/05\/ef6d34aa-d3df-4549-ad6b-5c03fe243808-225x300.jpg\" class=\"lae-image attachment-medium size-medium\" alt=\"ef6d34aa-d3df-4549-ad6b-5c03fe243808\" title=\"ef6d34aa-d3df-4549-ad6b-5c03fe243808\" srcset=\"https:\/\/wienerneustadt1.at\/wp-content\/uploads\/2021\/05\/ef6d34aa-d3df-4549-ad6b-5c03fe243808-225x300.jpg 225w, https:\/\/wienerneustadt1.at\/wp-content\/uploads\/2021\/05\/ef6d34aa-d3df-4549-ad6b-5c03fe243808-768x1024.jpg 768w, https:\/\/wienerneustadt1.at\/wp-content\/uploads\/2021\/05\/ef6d34aa-d3df-4549-ad6b-5c03fe243808-1152x1536.jpg 1152w, https:\/\/wienerneustadt1.at\/wp-content\/uploads\/2021\/05\/ef6d34aa-d3df-4549-ad6b-5c03fe243808.jpg 1200w\" sizes=\"(max-width: 225px) 100vw, 225px\" \/>\n                \n            \n            \n<div class=\"lae-social-wrap\">\n    <div class=\"lae-social-list\">\n\n                        \n        \n        \n        \n        \n        \n        \n    <\/div><!-- .lae-social-list -->\n<\/div><!-- .lae-social-wrap -->\n\n\n\n        <\/div><!-- .lae-image-wrapper -->\n\n        <div class=\"lae-team-member-text\">\n\n            \n            \n                <h3 class=\"lae-title\">Georg Vasicek <\/h3>\n            \n            <div class=\"lae-team-member-position\">\n\n                \n            <\/div>\n\n            <div class=\"lae-team-member-details\">\n\n                \n            <\/div>\n\n        <\/div><!-- .lae-team-member-text -->\n\n    <\/div><!-- .lae-team-member -->\n\n<\/div><!-- .lae-team-member-wrapper -->\n    \n        \n        \n        \n<div class=\"lae-team-member-wrapper\">\n\n    \n    <div class=\"lae-team-member \" >\n\n        <div class=\"lae-image-wrapper\">\n\n            \n                \n                \n                    <img decoding=\"async\" width=\"220\" height=\"300\" src=\"https:\/\/wienerneustadt1.at\/wp-content\/uploads\/2023\/09\/Annika-Fleischer-220x300.jpg\" class=\"lae-image attachment-medium size-medium\" alt=\"Annika Fleischer\" title=\"Annika Fleischer\" srcset=\"https:\/\/wienerneustadt1.at\/wp-content\/uploads\/2023\/09\/Annika-Fleischer-220x300.jpg 220w, https:\/\/wienerneustadt1.at\/wp-content\/uploads\/2023\/09\/Annika-Fleischer-751x1024.jpg 751w, https:\/\/wienerneustadt1.at\/wp-content\/uploads\/2023\/09\/Annika-Fleischer-768x1047.jpg 768w, https:\/\/wienerneustadt1.at\/wp-content\/uploads\/2023\/09\/Annika-Fleischer-1126x1536.jpg 1126w, https:\/\/wienerneustadt1.at\/wp-content\/uploads\/2023\/09\/Annika-Fleischer-1502x2048.jpg 1502w, https:\/\/wienerneustadt1.at\/wp-content\/uploads\/2023\/09\/Annika-Fleischer-scaled.jpg 1877w\" sizes=\"(max-width: 220px) 100vw, 220px\" \/>\n                \n            \n            \n<div class=\"lae-social-wrap\">\n    <div class=\"lae-social-list\">\n\n                        \n        \n        \n        \n        \n        \n        \n    <\/div><!-- .lae-social-list -->\n<\/div><!-- .lae-social-wrap -->\n\n\n\n        <\/div><!-- .lae-image-wrapper -->\n\n        <div class=\"lae-team-member-text\">\n\n            \n            \n                <h3 class=\"lae-title\">Annika Fleischer<\/h3>\n            \n            <div class=\"lae-team-member-position\">\n\n                \n            <\/div>\n\n            <div class=\"lae-team-member-details\">\n\n                \n            <\/div>\n\n        <\/div><!-- .lae-team-member-text -->\n\n    <\/div><!-- .lae-team-member -->\n\n<\/div><!-- .lae-team-member-wrapper -->\n    \n        \n        \n        \n<div class=\"lae-team-member-wrapper\">\n\n    \n    <div class=\"lae-team-member \" >\n\n        <div class=\"lae-image-wrapper\">\n\n            \n                \n                \n                    <img decoding=\"async\" width=\"300\" height=\"297\" src=\"https:\/\/wienerneustadt1.at\/wp-content\/uploads\/2023\/09\/image2-300x297.jpg\" class=\"lae-image attachment-medium size-medium\" alt=\"image2\" title=\"image2\" srcset=\"https:\/\/wienerneustadt1.at\/wp-content\/uploads\/2023\/09\/image2-300x297.jpg 300w, https:\/\/wienerneustadt1.at\/wp-content\/uploads\/2023\/09\/image2-1024x1012.jpg 1024w, https:\/\/wienerneustadt1.at\/wp-content\/uploads\/2023\/09\/image2-150x150.jpg 150w, https:\/\/wienerneustadt1.at\/wp-content\/uploads\/2023\/09\/image2-768x759.jpg 768w, https:\/\/wienerneustadt1.at\/wp-content\/uploads\/2023\/09\/image2-1536x1519.jpg 1536w, https:\/\/wienerneustadt1.at\/wp-content\/uploads\/2023\/09\/image2-2048x2025.jpg 2048w\" sizes=\"(max-width: 300px) 100vw, 300px\" \/>\n                \n            \n            \n<div class=\"lae-social-wrap\">\n    <div class=\"lae-social-list\">\n\n                        \n        \n        \n        \n        \n        \n        \n    <\/div><!-- .lae-social-list -->\n<\/div><!-- .lae-social-wrap -->\n\n\n\n        <\/div><!-- .lae-image-wrapper -->\n\n        <div class=\"lae-team-member-text\">\n\n            \n            \n                <h3 class=\"lae-title\">Matthias H\u00f6fler<\/h3>\n            \n            <div class=\"lae-team-member-position\">\n\n                \n            <\/div>\n\n            <div class=\"lae-team-member-details\">\n\n                \n            <\/div>\n\n        <\/div><!-- .lae-team-member-text -->\n\n    <\/div><!-- .lae-team-member -->\n\n<\/div><!-- .lae-team-member-wrapper -->\n    \n        \n        \n        \n<div class=\"lae-team-member-wrapper\">\n\n    \n    <div class=\"lae-team-member \" >\n\n        <div class=\"lae-image-wrapper\">\n\n            \n                \n                \n                    <img loading=\"lazy\" decoding=\"async\" width=\"296\" height=\"300\" src=\"https:\/\/wienerneustadt1.at\/wp-content\/uploads\/2020\/06\/knoedelchen-1-296x300.png\" class=\"lae-image attachment-medium size-medium\" alt=\"knoedelchen\" title=\"knoedelchen\" srcset=\"https:\/\/wienerneustadt1.at\/wp-content\/uploads\/2020\/06\/knoedelchen-1-296x300.png 296w, https:\/\/wienerneustadt1.at\/wp-content\/uploads\/2020\/06\/knoedelchen-1.png 693w\" sizes=\"(max-width: 296px) 100vw, 296px\" \/>\n                \n            \n            \n<div class=\"lae-social-wrap\">\n    <div class=\"lae-social-list\">\n\n                        \n        \n        \n        \n        \n        \n        \n    <\/div><!-- .lae-social-list -->\n<\/div><!-- .lae-social-wrap -->\n\n\n\n        <\/div><!-- .lae-image-wrapper -->\n\n        <div class=\"lae-team-member-text\">\n\n            \n            \n                <h3 class=\"lae-title\">Monika Helnwein<\/h3>\n            \n            <div class=\"lae-team-member-position\">\n\n                \n            <\/div>\n\n            <div class=\"lae-team-member-details\">\n\n                \n            <\/div>\n\n        <\/div><!-- .lae-team-member-text -->\n\n    <\/div><!-- .lae-team-member -->\n\n<\/div><!-- .lae-team-member-wrapper -->\n    \n<\/div><!-- .lae-team-members -->\n\n<div class=\"lae-clear\"><\/div>\t\t\t\t<\/div>\n\t\t\t\t<\/div>\n\t\t\t\t\t<\/div>\n\t\t<\/div>\n\t\t\t\t\t<\/div>\n\t\t<\/section>\n\t\t\t\t<section class=\"elementor-section elementor-top-section elementor-element elementor-element-7433198 elementor-section-boxed elementor-section-height-default elementor-section-height-default\" data-id=\"7433198\" data-element_type=\"section\">\n\t\t\t\t\t\t<div class=\"elementor-container elementor-column-gap-default\">\n\t\t\t\t\t<div class=\"elementor-column elementor-col-100 elementor-top-column elementor-element elementor-element-b700ad1\" data-id=\"b700ad1\" data-element_type=\"column\">\n\t\t\t<div class=\"elementor-widget-wrap\">\n\t\t\t\t\t\t\t<\/div>\n\t\t<\/div>\n\t\t\t\t\t<\/div>\n\t\t<\/section>\n\t\t\t\t<\/div>\n\t\t","protected":false},"excerpt":{"rendered":"<p>Biber (5-7 Jahre) Die j\u00fcngsten Pfadfinder*innen hei\u00dfen Biber (M\u00e4dchen und Buben). Nach ihrem Gesetz \u201eWir Biber haben Spa\u00df, Wir Biber sind flei\u00dfig, Wir Biber helfen unserer Biberfamilie und unseren Freunden\u201d lernen die Kinder durch Singen, Basteln und Spielen das Leben in der Gemeinschaft kennen und erkunden spielerisch ihre Umgebung. Biber teilen und helfen zu\u00adsammen! Sie [&hellip;]<\/p>\n","protected":false},"author":1,"featured_media":1795,"parent":0,"menu_order":0,"comment_status":"closed","ping_status":"closed","template":"","meta":{"ocean_post_layout":"full-screen","ocean_both_sidebars_style":"","ocean_both_sidebars_content_width":0,"ocean_both_sidebars_sidebars_width":0,"ocean_sidebar":"0","ocean_second_sidebar":"0","ocean_disable_margins":"enable","ocean_add_body_class":"","ocean_shortcode_before_top_bar":"","ocean_shortcode_after_top_bar":"","ocean_shortcode_before_header":"","ocean_shortcode_after_header":"","ocean_has_shortcode":"","ocean_shortcode_after_title":"","ocean_shortcode_before_footer_widgets":"","ocean_shortcode_after_footer_widgets":"","ocean_shortcode_before_footer_bottom":"","ocean_shortcode_after_footer_bottom":"","ocean_display_top_bar":"default","ocean_display_header":"default","ocean_header_style":"","ocean_center_header_left_menu":"0","ocean_custom_header_template":"0","ocean_custom_logo":1795,"ocean_custom_retina_logo":0,"ocean_custom_logo_max_width":0,"ocean_custom_logo_tablet_max_width":0,"ocean_custom_logo_mobile_max_width":0,"ocean_custom_logo_max_height":0,"ocean_custom_logo_tablet_max_height":0,"ocean_custom_logo_mobile_max_height":0,"ocean_header_custom_menu":"0","ocean_menu_typo_font_family":"0","ocean_menu_typo_font_subset":"","ocean_menu_typo_font_size":0,"ocean_menu_typo_font_size_tablet":0,"ocean_menu_typo_font_size_mobile":0,"ocean_menu_typo_font_size_unit":"px","ocean_menu_typo_font_weight":"","ocean_menu_typo_font_weight_tablet":"","ocean_menu_typo_font_weight_mobile":"","ocean_menu_typo_transform":"","ocean_menu_typo_transform_tablet":"","ocean_menu_typo_transform_mobile":"","ocean_menu_typo_line_height":0,"ocean_menu_typo_line_height_tablet":0,"ocean_menu_typo_line_height_mobile":0,"ocean_menu_typo_line_height_unit":"","ocean_menu_typo_spacing":0,"ocean_menu_typo_spacing_tablet":0,"ocean_menu_typo_spacing_mobile":0,"ocean_menu_typo_spacing_unit":"","ocean_menu_link_color":"","ocean_menu_link_color_hover":"","ocean_menu_link_color_active":"","ocean_menu_link_background":"","ocean_menu_link_hover_background":"","ocean_menu_link_active_background":"","ocean_menu_social_links_bg":"","ocean_menu_social_hover_links_bg":"","ocean_menu_social_links_color":"","ocean_menu_social_hover_links_color":"","ocean_disable_title":"default","ocean_disable_heading":"on","ocean_post_title":"","ocean_post_subheading":"","ocean_post_title_style":"background-image","ocean_post_title_background_color":"","ocean_post_title_background":1928,"ocean_post_title_bg_image_position":"top center","ocean_post_title_bg_image_attachment":"","ocean_post_title_bg_image_repeat":"","ocean_post_title_bg_image_size":"","ocean_post_title_height":500,"ocean_post_title_bg_overlay":0.5,"ocean_post_title_bg_overlay_color":"","ocean_disable_breadcrumbs":"off","ocean_breadcrumbs_color":"","ocean_breadcrumbs_separator_color":"","ocean_breadcrumbs_links_color":"","ocean_breadcrumbs_links_hover_color":"","ocean_display_footer_widgets":"default","ocean_display_footer_bottom":"default","ocean_custom_footer_template":"0","footnotes":""},"class_list":["post-1348","page","type-page","status-publish","has-post-thumbnail","hentry","entry","has-media"],"_links":{"self":[{"href":"https:\/\/wienerneustadt1.at\/index.php\/wp-json\/wp\/v2\/pages\/1348","targetHints":{"allow":["GET"]}}],"collection":[{"href":"https:\/\/wienerneustadt1.at\/index.php\/wp-json\/wp\/v2\/pages"}],"about":[{"href":"https:\/\/wienerneustadt1.at\/index.php\/wp-json\/wp\/v2\/types\/page"}],"author":[{"embeddable":true,"href":"https:\/\/wienerneustadt1.at\/index.php\/wp-json\/wp\/v2\/users\/1"}],"replies":[{"embeddable":true,"href":"https:\/\/wienerneustadt1.at\/index.php\/wp-json\/wp\/v2\/comments?post=1348"}],"version-history":[{"count":122,"href":"https:\/\/wienerneustadt1.at\/index.php\/wp-json\/wp\/v2\/pages\/1348\/revisions"}],"predecessor-version":[{"id":5613,"href":"https:\/\/wienerneustadt1.at\/index.php\/wp-json\/wp\/v2\/pages\/1348\/revisions\/5613"}],"wp:featuredmedia":[{"embeddable":true,"href":"https:\/\/wienerneustadt1.at\/index.php\/wp-json\/wp\/v2\/media\/1795"}],"wp:attachment":[{"href":"https:\/\/wienerneustadt1.at\/index.php\/wp-json\/wp\/v2\/media?parent=1348"}],"curies":[{"name":"wp","href":"https:\/\/api.w.org\/{rel}","templated":true}]}}