{"id":1318,"date":"2019-07-04T11:11:32","date_gmt":"2019-07-04T09:11:32","guid":{"rendered":"https:\/\/beispielwebsite.das-ppoe.at\/?page_id=1318"},"modified":"2021-03-21T19:54:55","modified_gmt":"2021-03-21T18:54:55","slug":"impressum","status":"publish","type":"page","link":"https:\/\/wienerneustadt1.at\/index.php\/impressum\/","title":{"rendered":"Impressum"},"content":{"rendered":"\t\t<div data-elementor-type=\"wp-post\" data-elementor-id=\"1318\" class=\"elementor elementor-1318\">\n\t\t\t\t\t\t<section class=\"elementor-section elementor-top-section elementor-element elementor-element-059c8b9 elementor-section-boxed elementor-section-height-default elementor-section-height-default\" data-id=\"059c8b9\" data-element_type=\"section\">\n\t\t\t\t\t\t<div class=\"elementor-container elementor-column-gap-default\">\n\t\t\t\t\t<div class=\"elementor-column elementor-col-100 elementor-top-column elementor-element elementor-element-0d4e175\" data-id=\"0d4e175\" data-element_type=\"column\">\n\t\t\t<div class=\"elementor-widget-wrap elementor-element-populated\">\n\t\t\t\t\t\t<div class=\"elementor-element elementor-element-ffcc07e elementor-widget elementor-widget-spacer\" data-id=\"ffcc07e\" data-element_type=\"widget\" data-widget_type=\"spacer.default\">\n\t\t\t\t<div class=\"elementor-widget-container\">\n\t\t\t\t\t\t\t<div class=\"elementor-spacer\">\n\t\t\t<div class=\"elementor-spacer-inner\"><\/div>\n\t\t<\/div>\n\t\t\t\t\t\t<\/div>\n\t\t\t\t<\/div>\n\t\t\t\t\t<\/div>\n\t\t<\/div>\n\t\t\t\t\t<\/div>\n\t\t<\/section>\n\t\t\t\t<section class=\"elementor-section elementor-top-section elementor-element elementor-element-03e3bdd elementor-section-boxed elementor-section-height-default elementor-section-height-default\" data-id=\"03e3bdd\" data-element_type=\"section\">\n\t\t\t\t\t\t<div class=\"elementor-container elementor-column-gap-default\">\n\t\t\t\t\t<div class=\"elementor-column elementor-col-100 elementor-top-column elementor-element elementor-element-4ec9ae7\" data-id=\"4ec9ae7\" data-element_type=\"column\">\n\t\t\t<div class=\"elementor-widget-wrap elementor-element-populated\">\n\t\t\t\t\t\t<div class=\"elementor-element elementor-element-eae4734 elementor-widget elementor-widget-heading\" data-id=\"eae4734\" data-element_type=\"widget\" data-widget_type=\"heading.default\">\n\t\t\t\t<div class=\"elementor-widget-container\">\n\t\t\t\t\t<h1 class=\"elementor-heading-title elementor-size-xl\">Impressum<\/h1>\t\t\t\t<\/div>\n\t\t\t\t<\/div>\n\t\t\t\t\t<\/div>\n\t\t<\/div>\n\t\t\t\t\t<\/div>\n\t\t<\/section>\n\t\t\t\t<section class=\"elementor-section elementor-top-section elementor-element elementor-element-9985f87 elementor-section-boxed elementor-section-height-default elementor-section-height-default\" data-id=\"9985f87\" data-element_type=\"section\">\n\t\t\t\t\t\t<div class=\"elementor-container elementor-column-gap-default\">\n\t\t\t\t\t<div class=\"elementor-column elementor-col-100 elementor-top-column elementor-element elementor-element-6960143\" data-id=\"6960143\" data-element_type=\"column\">\n\t\t\t<div class=\"elementor-widget-wrap elementor-element-populated\">\n\t\t\t\t\t\t<div class=\"elementor-element elementor-element-a2184ea elementor-widget elementor-widget-spacer\" data-id=\"a2184ea\" data-element_type=\"widget\" data-widget_type=\"spacer.default\">\n\t\t\t\t<div class=\"elementor-widget-container\">\n\t\t\t\t\t\t\t<div class=\"elementor-spacer\">\n\t\t\t<div class=\"elementor-spacer-inner\"><\/div>\n\t\t<\/div>\n\t\t\t\t\t\t<\/div>\n\t\t\t\t<\/div>\n\t\t\t\t\t<\/div>\n\t\t<\/div>\n\t\t\t\t\t<\/div>\n\t\t<\/section>\n\t\t\t\t<section class=\"elementor-section elementor-top-section elementor-element elementor-element-1898ef7 elementor-section-boxed elementor-section-height-default elementor-section-height-default\" data-id=\"1898ef7\" data-element_type=\"section\">\n\t\t\t\t\t\t<div class=\"elementor-container elementor-column-gap-default\">\n\t\t\t\t\t<div class=\"elementor-column elementor-col-100 elementor-top-column elementor-element elementor-element-2975da2\" data-id=\"2975da2\" data-element_type=\"column\">\n\t\t\t<div class=\"elementor-widget-wrap elementor-element-populated\">\n\t\t\t\t\t\t<div class=\"elementor-element elementor-element-d3c95d3 elementor-widget elementor-widget-text-editor\" data-id=\"d3c95d3\" data-element_type=\"widget\" data-widget_type=\"text-editor.default\">\n\t\t\t\t<div class=\"elementor-widget-container\">\n\t\t\t\t\t\t\t\t\t<h1><span style=\"font-size: 20px; font-weight: 600;\">Medieninhaber<\/span><\/h1><p>Nieder\u00f6sterreichische Pfadfinder und Pfadfinderinnen, Gruppe Wiener Neustadt 1<br \/>Gymelsdorfer Gasse 33<br \/>2700 Wiener Neustadt<br \/>E-Mail: web@wienerneustadt1.at<\/p><h2>Informationspflicht gem\u00e4\u00df Mediengesetz &amp; E-Commerce-Gesetz<\/h2><p>Zentrales Vereinsregister: 244581048<\/p><p>Bankverbindung der Pfadfindergruppe<br \/>IBAN: AT15 2026 7000 0000 3285<br \/>BIC: WINSATWN<\/p><h2>F\u00fcr den Inhalt verantwortlich<\/h2><p>Nieder\u00f6sterreichische Pfadfinder und Pfadfinderinnen, Gruppe Wiener Neustadt 1<\/p><h2>Copyright, Marken- und Schutzrechte<\/h2><p>Alle Inhalte auf dieser Website sind urheberrechtlich gesch\u00fctzt. Texte, Bilder, Grafiken, Sound, Animationen und Videos unterliegen dem Schutz des Urheberrechts und anderer Schutzgesetze. Der Inhalt darf nicht zu kommerziellen Zwecken kopiert, verbreitet, ver\u00e4ndert oder Dritten zug\u00e4nglich gemacht werden. Jede Nutzung, insbesondere die Speicherung in Datenbanken, Vervielf\u00e4ltigung, Verbreitung, Bearbeitung und jede Form von gewerblicher Nutzung sowie die Weitergabe an Dritte &#8211; auch in Teilen oder in \u00fcberarbeiteter Form &#8211; ohne Zustimmung des Betreibers des Urhebers ist untersagt.<\/p><h2>Erteilung von Nutzungsrechten<\/h2><p>Die Pfadfindergruppe Wiener Neustadt 1 erteilt in besonderen F\u00e4llen spezielle Nutzungsrechte.<\/p><h2>Redaktionelle Fragen<\/h2><p>Redaktionelle Fragen zur Website richten Sie bitte an web@wienerneustadt1.at<\/p><h2>Nutzungsbedingungen, Gew\u00e4hrleistung, Haftung \u00fcber Inhalt und Verlinkungen<\/h2><p>Die Nutzung dieser Website erfolgt auf eigene Gefahr und auf eigenes Risiko. Wir \u00fcbernehmen weder Gew\u00e4hr f\u00fcr st\u00e4ndige Verf\u00fcgbarkeit, noch f\u00fcr die ver\u00f6ffentlichten Beitr\u00e4ge, Angebote, Dienstleistungen und Services hinsichtlich Richtigkeit, Vollst\u00e4ndigkeit und Funktionalit\u00e4t. Die Gew\u00e4hrleistung richtet sich nach den gesetzlichen Bestimmungen. Jegliche Haftung f\u00fcr Sch\u00e4den, die direkt oder indirekt aus der Benutzung dieser Webseite entstehen, sind ausgeschlossen. Diese Website und die damit verbundenen Dienste werden unter dem Gesichtspunkt gr\u00f6\u00dfter Sorgfalt, Zuverl\u00e4ssigkeit und Verf\u00fcgbarkeit betrieben. Aus technischen Gr\u00fcnden ist es jedoch nicht m\u00f6glich, dass diese Dienste ohne Unterbrechung zug\u00e4nglich sind, dass die gew\u00fcnschten Verbindungen immer hergestellt werden k\u00f6nnen oder dass gespeicherte Daten unter allen Gegebenheiten erhalten bleiben. Die st\u00e4ndige Verf\u00fcgbarkeit kann daher nicht zugesichert werden. IP-Konnektivit\u00e4t zu anderen Netzbetreibern erfolgt nach Ma\u00dfgabe der M\u00f6glichkeiten. Jegliche Haftung f\u00fcr Probleme, die ihre Ursache in den Netzen Dritter haben, ist ausgeschlossen. Die Nutzung anderer Netze unterliegt den Nutzungsbedingungen der jeweiligen Betreiber. Bei h\u00f6herer Gewalt, Streiks, Einschr\u00e4nkungen der Leistungen anderer Netzbetreiber oder bei Reparatur- und Wartungsarbeiten kann es zu Einschr\u00e4nkungen oder Unterbrechungen kommen, wobei f\u00fcr derartige Ausf\u00e4lle keine Haftung besteht.<\/p><h2>Links<\/h2><p>Bei Verlinkungen auf weitere Online-Angebote \u00fcbernehmen wir keine Haftung \u00fcber den Inhalt, Funktionalit\u00e4t und Verf\u00fcgbarkeit der verlinkten Website(n). Dies gilt auch bei allen anderen direkten oder indirekten Verweisen oder Verlinkungen auf fremde Internetangebote. Links auf diese Website sind erw\u00fcnscht, wenn sie als externe Links in einem eigenen Browserfenster gestaltet sind. Eine \u00dcbernahme des Hauptfensters in einen Frame des Linksetzers ist unzul\u00e4ssig.<\/p><h2>Konzeption, Design, Produktion durch Mitarbeiter*innen von:<\/h2><p>Pfadfinder und Pfadfinderinnen \u00d6sterreichs, St\u00f6berplatz 12, 1170 Wien<br \/>und der Pfadfindergruppe Wiener Neustadt 1\u00a0<\/p>\t\t\t\t\t\t\t\t<\/div>\n\t\t\t\t<\/div>\n\t\t\t\t\t<\/div>\n\t\t<\/div>\n\t\t\t\t\t<\/div>\n\t\t<\/section>\n\t\t\t\t<section class=\"elementor-section elementor-top-section elementor-element elementor-element-7a911e4 elementor-section-boxed elementor-section-height-default elementor-section-height-default\" data-id=\"7a911e4\" data-element_type=\"section\">\n\t\t\t\t\t\t<div class=\"elementor-container elementor-column-gap-default\">\n\t\t\t\t\t<div class=\"elementor-column elementor-col-100 elementor-top-column elementor-element elementor-element-cbfd5b8\" data-id=\"cbfd5b8\" data-element_type=\"column\">\n\t\t\t<div class=\"elementor-widget-wrap elementor-element-populated\">\n\t\t\t\t\t\t<div class=\"elementor-element elementor-element-ce5b1cf elementor-widget elementor-widget-heading\" data-id=\"ce5b1cf\" data-element_type=\"widget\" data-widget_type=\"heading.default\">\n\t\t\t\t<div class=\"elementor-widget-container\">\n\t\t\t\t\t<h1 class=\"elementor-heading-title elementor-size-default\">Sponsoren<\/h1>\t\t\t\t<\/div>\n\t\t\t\t<\/div>\n\t\t\t\t\t<\/div>\n\t\t<\/div>\n\t\t\t\t\t<\/div>\n\t\t<\/section>\n\t\t\t\t<section class=\"elementor-section elementor-top-section elementor-element elementor-element-a50b99c elementor-section-boxed elementor-section-height-default elementor-section-height-default\" data-id=\"a50b99c\" data-element_type=\"section\">\n\t\t\t\t\t\t<div class=\"elementor-container elementor-column-gap-default\">\n\t\t\t\t\t<div class=\"elementor-column elementor-col-100 elementor-top-column elementor-element elementor-element-2705ce9\" data-id=\"2705ce9\" data-element_type=\"column\">\n\t\t\t<div class=\"elementor-widget-wrap elementor-element-populated\">\n\t\t\t\t\t\t<div class=\"elementor-element elementor-element-fdbea4f elementor-widget elementor-widget-image\" data-id=\"fdbea4f\" data-element_type=\"widget\" data-widget_type=\"image.default\">\n\t\t\t\t<div class=\"elementor-widget-container\">\n\t\t\t\t\t\t\t\t\t\t\t\t\t\t\t\t<a href=\"https:\/\/www.sparkasse.at\/wrneustadt\/privatkunden\">\n\t\t\t\t\t\t\t<img decoding=\"async\" width=\"276\" height=\"146\" src=\"https:\/\/wienerneustadt1.at\/wp-content\/uploads\/2020\/01\/sparkasse.jpg\" class=\"attachment-medium_large size-medium_large wp-image-2170\" alt=\"\" \/>\t\t\t\t\t\t\t\t<\/a>\n\t\t\t\t\t\t\t\t\t\t\t\t\t\t\t<\/div>\n\t\t\t\t<\/div>\n\t\t\t\t\t<\/div>\n\t\t<\/div>\n\t\t\t\t\t<\/div>\n\t\t<\/section>\n\t\t\t\t<\/div>\n\t\t","protected":false},"excerpt":{"rendered":"<p>Impressum Medieninhaber Nieder\u00f6sterreichische Pfadfinder und Pfadfinderinnen, Gruppe Wiener Neustadt 1 Gymelsdorfer Gasse 33 2700 Wiener Neustadt E-Mail: web@wienerneustadt1.at Informationspflicht gem\u00e4\u00df Mediengesetz &amp; E-Commerce-Gesetz Zentrales Vereinsregister: 244581048 Bankverbindung der Pfadfindergruppe IBAN: AT15 2026 7000 0000 3285 BIC: WINSATWN F\u00fcr den Inhalt verantwortlich Nieder\u00f6sterreichische Pfadfinder und Pfadfinderinnen, Gruppe Wiener Neustadt 1 Copyright, Marken- und Schutzrechte Alle Inhalte [&hellip;]<\/p>\n","protected":false},"author":1,"featured_media":0,"parent":0,"menu_order":0,"comment_status":"closed","ping_status":"closed","template":"","meta":{"ocean_post_layout":"full-screen","ocean_both_sidebars_style":"","ocean_both_sidebars_content_width":0,"ocean_both_sidebars_sidebars_width":0,"ocean_sidebar":"0","ocean_second_sidebar":"0","ocean_disable_margins":"enable","ocean_add_body_class":"","ocean_shortcode_before_top_bar":"","ocean_shortcode_after_top_bar":"","ocean_shortcode_before_header":"","ocean_shortcode_after_header":"","ocean_has_shortcode":"","ocean_shortcode_after_title":"","ocean_shortcode_before_footer_widgets":"","ocean_shortcode_after_footer_widgets":"","ocean_shortcode_before_footer_bottom":"","ocean_shortcode_after_footer_bottom":"","ocean_display_top_bar":"default","ocean_display_header":"default","ocean_header_style":"","ocean_center_header_left_menu":"0","ocean_custom_header_template":"0","ocean_custom_logo":0,"ocean_custom_retina_logo":0,"ocean_custom_logo_max_width":0,"ocean_custom_logo_tablet_max_width":0,"ocean_custom_logo_mobile_max_width":0,"ocean_custom_logo_max_height":0,"ocean_custom_logo_tablet_max_height":0,"ocean_custom_logo_mobile_max_height":0,"ocean_header_custom_menu":"0","ocean_menu_typo_font_family":"0","ocean_menu_typo_font_subset":"","ocean_menu_typo_font_size":0,"ocean_menu_typo_font_size_tablet":0,"ocean_menu_typo_font_size_mobile":0,"ocean_menu_typo_font_size_unit":"px","ocean_menu_typo_font_weight":"","ocean_menu_typo_font_weight_tablet":"","ocean_menu_typo_font_weight_mobile":"","ocean_menu_typo_transform":"","ocean_menu_typo_transform_tablet":"","ocean_menu_typo_transform_mobile":"","ocean_menu_typo_line_height":0,"ocean_menu_typo_line_height_tablet":0,"ocean_menu_typo_line_height_mobile":0,"ocean_menu_typo_line_height_unit":"","ocean_menu_typo_spacing":0,"ocean_menu_typo_spacing_tablet":0,"ocean_menu_typo_spacing_mobile":0,"ocean_menu_typo_spacing_unit":"","ocean_menu_link_color":"","ocean_menu_link_color_hover":"","ocean_menu_link_color_active":"","ocean_menu_link_background":"","ocean_menu_link_hover_background":"","ocean_menu_link_active_background":"","ocean_menu_social_links_bg":"","ocean_menu_social_hover_links_bg":"","ocean_menu_social_links_color":"","ocean_menu_social_hover_links_color":"","ocean_disable_title":"on","ocean_disable_heading":"on","ocean_post_title":"","ocean_post_subheading":"","ocean_post_title_style":"background-image","ocean_post_title_background_color":"","ocean_post_title_background":2166,"ocean_post_title_bg_image_position":"","ocean_post_title_bg_image_attachment":"","ocean_post_title_bg_image_repeat":"","ocean_post_title_bg_image_size":"","ocean_post_title_height":650,"ocean_post_title_bg_overlay":0.5,"ocean_post_title_bg_overlay_color":"","ocean_disable_breadcrumbs":"off","ocean_breadcrumbs_color":"","ocean_breadcrumbs_separator_color":"","ocean_breadcrumbs_links_color":"","ocean_breadcrumbs_links_hover_color":"","ocean_display_footer_widgets":"default","ocean_display_footer_bottom":"default","ocean_custom_footer_template":"0","footnotes":""},"class_list":["post-1318","page","type-page","status-publish","hentry","entry"],"_links":{"self":[{"href":"https:\/\/wienerneustadt1.at\/index.php\/wp-json\/wp\/v2\/pages\/1318","targetHints":{"allow":["GET"]}}],"collection":[{"href":"https:\/\/wienerneustadt1.at\/index.php\/wp-json\/wp\/v2\/pages"}],"about":[{"href":"https:\/\/wienerneustadt1.at\/index.php\/wp-json\/wp\/v2\/types\/page"}],"author":[{"embeddable":true,"href":"https:\/\/wienerneustadt1.at\/index.php\/wp-json\/wp\/v2\/users\/1"}],"replies":[{"embeddable":true,"href":"https:\/\/wienerneustadt1.at\/index.php\/wp-json\/wp\/v2\/comments?post=1318"}],"version-history":[{"count":17,"href":"https:\/\/wienerneustadt1.at\/index.php\/wp-json\/wp\/v2\/pages\/1318\/revisions"}],"predecessor-version":[{"id":3204,"href":"https:\/\/wienerneustadt1.at\/index.php\/wp-json\/wp\/v2\/pages\/1318\/revisions\/3204"}],"wp:attachment":[{"href":"https:\/\/wienerneustadt1.at\/index.php\/wp-json\/wp\/v2\/media?parent=1318"}],"curies":[{"name":"wp","href":"https:\/\/api.w.org\/{rel}","templated":true}]}}