{"id":1283,"date":"2019-07-04T10:56:45","date_gmt":"2019-07-04T08:56:45","guid":{"rendered":"https:\/\/beispielwebsite.das-ppoe.at\/?page_id=1283"},"modified":"2026-02-05T23:15:44","modified_gmt":"2026-02-05T22:15:44","slug":"caex","status":"publish","type":"page","link":"https:\/\/wienerneustadt1.at\/index.php\/caex\/","title":{"rendered":"CaEx"},"content":{"rendered":"\t\t<div data-elementor-type=\"wp-post\" data-elementor-id=\"1283\" class=\"elementor elementor-1283\">\n\t\t\t\t\t\t<section class=\"elementor-section elementor-top-section elementor-element elementor-element-29a1dbc elementor-section-boxed elementor-section-height-default elementor-section-height-default\" data-id=\"29a1dbc\" data-element_type=\"section\">\n\t\t\t\t\t\t<div class=\"elementor-container elementor-column-gap-default\">\n\t\t\t\t\t<div class=\"elementor-column elementor-col-100 elementor-top-column elementor-element elementor-element-e8eb656\" data-id=\"e8eb656\" data-element_type=\"column\">\n\t\t\t<div class=\"elementor-widget-wrap elementor-element-populated\">\n\t\t\t\t\t\t<div class=\"elementor-element elementor-element-ad2cfb4 elementor-widget elementor-widget-spacer\" data-id=\"ad2cfb4\" data-element_type=\"widget\" data-widget_type=\"spacer.default\">\n\t\t\t\t<div class=\"elementor-widget-container\">\n\t\t\t\t\t\t\t<div class=\"elementor-spacer\">\n\t\t\t<div class=\"elementor-spacer-inner\"><\/div>\n\t\t<\/div>\n\t\t\t\t\t\t<\/div>\n\t\t\t\t<\/div>\n\t\t\t\t\t<\/div>\n\t\t<\/div>\n\t\t\t\t\t<\/div>\n\t\t<\/section>\n\t\t\t\t<section class=\"elementor-section elementor-top-section elementor-element elementor-element-6c4655e elementor-section-boxed elementor-section-height-default elementor-section-height-default\" data-id=\"6c4655e\" data-element_type=\"section\">\n\t\t\t\t\t\t<div class=\"elementor-container elementor-column-gap-default\">\n\t\t\t\t\t<div class=\"elementor-column elementor-col-100 elementor-top-column elementor-element elementor-element-d2c7f32\" data-id=\"d2c7f32\" data-element_type=\"column\">\n\t\t\t<div class=\"elementor-widget-wrap elementor-element-populated\">\n\t\t\t\t\t\t<div class=\"elementor-element elementor-element-5aa9559 elementor-widget elementor-widget-heading\" data-id=\"5aa9559\" data-element_type=\"widget\" data-widget_type=\"heading.default\">\n\t\t\t\t<div class=\"elementor-widget-container\">\n\t\t\t\t\t<h1 class=\"elementor-heading-title elementor-size-xl\">Caravelles und Explorer (13 - 16 Jahre)<\/h1>\t\t\t\t<\/div>\n\t\t\t\t<\/div>\n\t\t\t\t\t<\/div>\n\t\t<\/div>\n\t\t\t\t\t<\/div>\n\t\t<\/section>\n\t\t\t\t<section class=\"elementor-section elementor-top-section elementor-element elementor-element-2b063d48 elementor-section-boxed elementor-section-height-default elementor-section-height-default\" data-id=\"2b063d48\" data-element_type=\"section\">\n\t\t\t\t\t\t<div class=\"elementor-container elementor-column-gap-default\">\n\t\t\t\t\t<div class=\"elementor-column elementor-col-100 elementor-top-column elementor-element elementor-element-71097695\" data-id=\"71097695\" data-element_type=\"column\">\n\t\t\t<div class=\"elementor-widget-wrap elementor-element-populated\">\n\t\t\t\t\t\t<div class=\"elementor-element elementor-element-3d1bb2e5 elementor-widget elementor-widget-text-editor\" data-id=\"3d1bb2e5\" data-element_type=\"widget\" data-widget_type=\"text-editor.default\">\n\t\t\t\t<div class=\"elementor-widget-container\">\n\t\t\t\t\t\t\t\t\t<p>Caravelles (M\u00e4dchen) und Explorer (Burschen) finden sich je nach Interesse in Kleingruppen zusammen. In kleinen Projekten (sogenannten Unternehmen), bei denen die Jugendlichen ihre eigenen Ideen einbringen, handeln sie bei der Planung und Durchf\u00fchrung immer selbstst\u00e4ndiger. Die Leiter*innen unterst\u00fctzen die Jugendlichen, immer wenn sie Hilfe brauchen. F\u00fcr Caravelles und Explorer ist es wichtig, gemeinsam etwas zu bewegen und Zusammengeh\u00f6rigkeit nicht nur zu Hause, sondern \u00fcber Grenzen und Kulturen hinweg zu erfahren. Internationale Treffen geben den Jugendlichen die Chance, interkulturelles Zusammenleben hautnah zu erleben.&nbsp;<\/p>\n<p><strong>Unsere CaEx-Heimstunden finden jeden Freitag von 20:15 &#8211; 21:45&nbsp;<\/strong><strong>Uhr statt.<\/strong><\/p>\n<p>E-Mail: <a href=\"mailto:caex-team@wienerneustadt1.at\"><span style=\"color: #bf0000;\">caex-team@wienerneustadt1.at<\/span><\/a><\/p>\n<article><\/article>\n<p><!-- .hentry --><!-- .lae-posts-carousel-item --><!-- .lae-posts-carousel --><\/p>\n<h1 style=\"text-align: center;\">&nbsp;<\/h1>\t\t\t\t\t\t\t\t<\/div>\n\t\t\t\t<\/div>\n\t\t\t\t\t<\/div>\n\t\t<\/div>\n\t\t\t\t\t<\/div>\n\t\t<\/section>\n\t\t\t\t<section class=\"elementor-section elementor-top-section elementor-element elementor-element-a5d180e elementor-section-boxed elementor-section-height-default elementor-section-height-default\" data-id=\"a5d180e\" data-element_type=\"section\">\n\t\t\t\t\t\t<div class=\"elementor-container elementor-column-gap-default\">\n\t\t\t\t\t<div class=\"elementor-column elementor-col-100 elementor-top-column elementor-element elementor-element-3ba95bd\" data-id=\"3ba95bd\" data-element_type=\"column\">\n\t\t\t<div class=\"elementor-widget-wrap elementor-element-populated\">\n\t\t\t\t\t\t<div class=\"elementor-element elementor-element-a0f2a9a elementor-widget elementor-widget-heading\" data-id=\"a0f2a9a\" data-element_type=\"widget\" data-widget_type=\"heading.default\">\n\t\t\t\t<div class=\"elementor-widget-container\">\n\t\t\t\t\t<h1 class=\"elementor-heading-title elementor-size-default\">Leiter*innen<\/h1>\t\t\t\t<\/div>\n\t\t\t\t<\/div>\n\t\t\t\t<div class=\"elementor-element elementor-element-4e63a19 elementor-widget elementor-widget-lae-team-members\" data-id=\"4e63a19\" data-element_type=\"widget\" data-widget_type=\"lae-team-members.default\">\n\t\t\t\t<div class=\"elementor-widget-container\">\n\t\t\t\t\t\n\n<div        class=\"lae-team-members lae-team-members-style1 lae-uber-grid-container  lae-grid-auto-column-layout\" >\n\n    \n        \n        \n        \n<div class=\"lae-team-member-wrapper\">\n\n    \n    <div class=\"lae-team-member \" >\n\n        <div class=\"lae-image-wrapper\">\n\n            \n                \n                \n                    <img fetchpriority=\"high\" decoding=\"async\" width=\"768\" height=\"682\" src=\"https:\/\/wienerneustadt1.at\/wp-content\/uploads\/2020\/07\/IMG-20200620-WA0002-1-768x682.jpg\" class=\"lae-image attachment-medium_large size-medium_large\" alt=\"IMG-20200620-WA0002\" title=\"IMG-20200620-WA0002\" srcset=\"https:\/\/wienerneustadt1.at\/wp-content\/uploads\/2020\/07\/IMG-20200620-WA0002-1-768x682.jpg 768w, https:\/\/wienerneustadt1.at\/wp-content\/uploads\/2020\/07\/IMG-20200620-WA0002-1-300x267.jpg 300w, https:\/\/wienerneustadt1.at\/wp-content\/uploads\/2020\/07\/IMG-20200620-WA0002-1-1024x910.jpg 1024w, https:\/\/wienerneustadt1.at\/wp-content\/uploads\/2020\/07\/IMG-20200620-WA0002-1.jpg 1516w\" sizes=\"(max-width: 768px) 100vw, 768px\" \/>\n                \n            \n            \n<div class=\"lae-social-wrap\">\n    <div class=\"lae-social-list\">\n\n                        \n        \n        \n        \n        \n        \n        \n    <\/div><!-- .lae-social-list -->\n<\/div><!-- .lae-social-wrap -->\n\n\n\n        <\/div><!-- .lae-image-wrapper -->\n\n        <div class=\"lae-team-member-text\">\n\n            \n            \n                <h3 class=\"lae-title\">Jannik<\/h3>\n            \n            <div class=\"lae-team-member-position\">\n\n                \n            <\/div>\n\n            <div class=\"lae-team-member-details\">\n\n                \n            <\/div>\n\n        <\/div><!-- .lae-team-member-text -->\n\n    <\/div><!-- .lae-team-member -->\n\n<\/div><!-- .lae-team-member-wrapper -->\n    \n        \n        \n        \n<div class=\"lae-team-member-wrapper\">\n\n    \n    <div class=\"lae-team-member \" >\n\n        <div class=\"lae-image-wrapper\">\n\n            \n                \n                \n                    <img decoding=\"async\" width=\"693\" height=\"702\" src=\"https:\/\/wienerneustadt1.at\/wp-content\/uploads\/2020\/06\/knoedelchen-1.png\" class=\"lae-image attachment-medium_large size-medium_large\" alt=\"knoedelchen\" title=\"knoedelchen\" srcset=\"https:\/\/wienerneustadt1.at\/wp-content\/uploads\/2020\/06\/knoedelchen-1.png 693w, https:\/\/wienerneustadt1.at\/wp-content\/uploads\/2020\/06\/knoedelchen-1-296x300.png 296w\" sizes=\"(max-width: 693px) 100vw, 693px\" \/>\n                \n            \n            \n<div class=\"lae-social-wrap\">\n    <div class=\"lae-social-list\">\n\n                        \n        \n        \n        \n        \n        \n        \n    <\/div><!-- .lae-social-list -->\n<\/div><!-- .lae-social-wrap -->\n\n\n\n        <\/div><!-- .lae-image-wrapper -->\n\n        <div class=\"lae-team-member-text\">\n\n            \n            \n                <h3 class=\"lae-title\">Alexander Lipptisch<\/h3>\n            \n            <div class=\"lae-team-member-position\">\n\n                \n            <\/div>\n\n            <div class=\"lae-team-member-details\">\n\n                \n            <\/div>\n\n        <\/div><!-- .lae-team-member-text -->\n\n    <\/div><!-- .lae-team-member -->\n\n<\/div><!-- .lae-team-member-wrapper -->\n    \n        \n        \n        \n<div class=\"lae-team-member-wrapper\">\n\n    \n    <div class=\"lae-team-member \" >\n\n        <div class=\"lae-image-wrapper\">\n\n            \n                \n                \n                    <img decoding=\"async\" width=\"693\" height=\"702\" src=\"https:\/\/wienerneustadt1.at\/wp-content\/uploads\/2020\/06\/knoedelchen-1.png\" class=\"lae-image attachment-medium_large size-medium_large\" alt=\"knoedelchen\" title=\"knoedelchen\" srcset=\"https:\/\/wienerneustadt1.at\/wp-content\/uploads\/2020\/06\/knoedelchen-1.png 693w, https:\/\/wienerneustadt1.at\/wp-content\/uploads\/2020\/06\/knoedelchen-1-296x300.png 296w\" sizes=\"(max-width: 693px) 100vw, 693px\" \/>\n                \n            \n            \n<div class=\"lae-social-wrap\">\n    <div class=\"lae-social-list\">\n\n                        \n        \n        \n        \n        \n        \n        \n    <\/div><!-- .lae-social-list -->\n<\/div><!-- .lae-social-wrap -->\n\n\n\n        <\/div><!-- .lae-image-wrapper -->\n\n        <div class=\"lae-team-member-text\">\n\n            \n            \n                <h3 class=\"lae-title\">Lena Sbardellati<\/h3>\n            \n            <div class=\"lae-team-member-position\">\n\n                \n            <\/div>\n\n            <div class=\"lae-team-member-details\">\n\n                \n            <\/div>\n\n        <\/div><!-- .lae-team-member-text -->\n\n    <\/div><!-- .lae-team-member -->\n\n<\/div><!-- .lae-team-member-wrapper -->\n    \n<\/div><!-- .lae-team-members -->\n\n<div class=\"lae-clear\"><\/div>\t\t\t\t<\/div>\n\t\t\t\t<\/div>\n\t\t\t\t\t<\/div>\n\t\t<\/div>\n\t\t\t\t\t<\/div>\n\t\t<\/section>\n\t\t\t\t<\/div>\n\t\t","protected":false},"excerpt":{"rendered":"<p>Caravelles und Explorer (13 &#8211; 16 Jahre) Caravelles (M\u00e4dchen) und Explorer (Burschen) finden sich je nach Interesse in Kleingruppen zusammen. In kleinen Projekten (sogenannten Unternehmen), bei denen die Jugendlichen ihre eigenen Ideen einbringen, handeln sie bei der Planung und Durchf\u00fchrung immer selbstst\u00e4ndiger. Die Leiter*innen unterst\u00fctzen die Jugendlichen, immer wenn sie Hilfe brauchen. F\u00fcr Caravelles und [&hellip;]<\/p>\n","protected":false},"author":1,"featured_media":1819,"parent":0,"menu_order":0,"comment_status":"closed","ping_status":"closed","template":"","meta":{"ocean_post_layout":"full-screen","ocean_both_sidebars_style":"","ocean_both_sidebars_content_width":0,"ocean_both_sidebars_sidebars_width":0,"ocean_sidebar":"0","ocean_second_sidebar":"0","ocean_disable_margins":"enable","ocean_add_body_class":"","ocean_shortcode_before_top_bar":"","ocean_shortcode_after_top_bar":"","ocean_shortcode_before_header":"","ocean_shortcode_after_header":"","ocean_has_shortcode":"","ocean_shortcode_after_title":"","ocean_shortcode_before_footer_widgets":"","ocean_shortcode_after_footer_widgets":"","ocean_shortcode_before_footer_bottom":"","ocean_shortcode_after_footer_bottom":"","ocean_display_top_bar":"default","ocean_display_header":"default","ocean_header_style":"","ocean_center_header_left_menu":"0","ocean_custom_header_template":"0","ocean_custom_logo":0,"ocean_custom_retina_logo":0,"ocean_custom_logo_max_width":0,"ocean_custom_logo_tablet_max_width":0,"ocean_custom_logo_mobile_max_width":0,"ocean_custom_logo_max_height":0,"ocean_custom_logo_tablet_max_height":0,"ocean_custom_logo_mobile_max_height":0,"ocean_header_custom_menu":"0","ocean_menu_typo_font_family":"0","ocean_menu_typo_font_subset":"","ocean_menu_typo_font_size":0,"ocean_menu_typo_font_size_tablet":0,"ocean_menu_typo_font_size_mobile":0,"ocean_menu_typo_font_size_unit":"px","ocean_menu_typo_font_weight":"","ocean_menu_typo_font_weight_tablet":"","ocean_menu_typo_font_weight_mobile":"","ocean_menu_typo_transform":"","ocean_menu_typo_transform_tablet":"","ocean_menu_typo_transform_mobile":"","ocean_menu_typo_line_height":0,"ocean_menu_typo_line_height_tablet":0,"ocean_menu_typo_line_height_mobile":0,"ocean_menu_typo_line_height_unit":"","ocean_menu_typo_spacing":0,"ocean_menu_typo_spacing_tablet":0,"ocean_menu_typo_spacing_mobile":0,"ocean_menu_typo_spacing_unit":"","ocean_menu_link_color":"","ocean_menu_link_color_hover":"","ocean_menu_link_color_active":"","ocean_menu_link_background":"","ocean_menu_link_hover_background":"","ocean_menu_link_active_background":"","ocean_menu_social_links_bg":"","ocean_menu_social_hover_links_bg":"","ocean_menu_social_links_color":"","ocean_menu_social_hover_links_color":"","ocean_disable_title":"default","ocean_disable_heading":"on","ocean_post_title":"","ocean_post_subheading":"","ocean_post_title_style":"background-image","ocean_post_title_background_color":"","ocean_post_title_background":1819,"ocean_post_title_bg_image_position":"top center","ocean_post_title_bg_image_attachment":"","ocean_post_title_bg_image_repeat":"","ocean_post_title_bg_image_size":"","ocean_post_title_height":500,"ocean_post_title_bg_overlay":0.5,"ocean_post_title_bg_overlay_color":"","ocean_disable_breadcrumbs":"off","ocean_breadcrumbs_color":"","ocean_breadcrumbs_separator_color":"","ocean_breadcrumbs_links_color":"","ocean_breadcrumbs_links_hover_color":"","ocean_display_footer_widgets":"default","ocean_display_footer_bottom":"default","ocean_custom_footer_template":"0","footnotes":""},"class_list":["post-1283","page","type-page","status-publish","has-post-thumbnail","hentry","entry","has-media"],"_links":{"self":[{"href":"https:\/\/wienerneustadt1.at\/index.php\/wp-json\/wp\/v2\/pages\/1283","targetHints":{"allow":["GET"]}}],"collection":[{"href":"https:\/\/wienerneustadt1.at\/index.php\/wp-json\/wp\/v2\/pages"}],"about":[{"href":"https:\/\/wienerneustadt1.at\/index.php\/wp-json\/wp\/v2\/types\/page"}],"author":[{"embeddable":true,"href":"https:\/\/wienerneustadt1.at\/index.php\/wp-json\/wp\/v2\/users\/1"}],"replies":[{"embeddable":true,"href":"https:\/\/wienerneustadt1.at\/index.php\/wp-json\/wp\/v2\/comments?post=1283"}],"version-history":[{"count":101,"href":"https:\/\/wienerneustadt1.at\/index.php\/wp-json\/wp\/v2\/pages\/1283\/revisions"}],"predecessor-version":[{"id":5926,"href":"https:\/\/wienerneustadt1.at\/index.php\/wp-json\/wp\/v2\/pages\/1283\/revisions\/5926"}],"wp:featuredmedia":[{"embeddable":true,"href":"https:\/\/wienerneustadt1.at\/index.php\/wp-json\/wp\/v2\/media\/1819"}],"wp:attachment":[{"href":"https:\/\/wienerneustadt1.at\/index.php\/wp-json\/wp\/v2\/media?parent=1283"}],"curies":[{"name":"wp","href":"https:\/\/api.w.org\/{rel}","templated":true}]}}