{"id":1276,"date":"2019-07-04T10:53:11","date_gmt":"2019-07-04T08:53:11","guid":{"rendered":"https:\/\/beispielwebsite.das-ppoe.at\/?page_id=1276"},"modified":"2024-09-25T15:40:56","modified_gmt":"2024-09-25T13:40:56","slug":"gusp","status":"publish","type":"page","link":"https:\/\/wienerneustadt1.at\/index.php\/gusp\/","title":{"rendered":"GuSp"},"content":{"rendered":"\t\t<div data-elementor-type=\"wp-post\" data-elementor-id=\"1276\" class=\"elementor elementor-1276\">\n\t\t\t\t\t\t<section class=\"elementor-section elementor-top-section elementor-element elementor-element-9eefdd4 elementor-section-boxed elementor-section-height-default elementor-section-height-default\" data-id=\"9eefdd4\" data-element_type=\"section\">\n\t\t\t\t\t\t<div class=\"elementor-container elementor-column-gap-default\">\n\t\t\t\t\t<div class=\"elementor-column elementor-col-100 elementor-top-column elementor-element elementor-element-a75b6d2\" data-id=\"a75b6d2\" data-element_type=\"column\">\n\t\t\t<div class=\"elementor-widget-wrap elementor-element-populated\">\n\t\t\t\t\t\t<div class=\"elementor-element elementor-element-624a9ab elementor-widget elementor-widget-heading\" data-id=\"624a9ab\" data-element_type=\"widget\" data-widget_type=\"heading.default\">\n\t\t\t\t<div class=\"elementor-widget-container\">\n\t\t\t\t\t<h2 class=\"elementor-heading-title elementor-size-xl\"><br>Guides und Sp\u00e4her (10-13 Jahre)<\/h2>\t\t\t\t<\/div>\n\t\t\t\t<\/div>\n\t\t\t\t\t<\/div>\n\t\t<\/div>\n\t\t\t\t\t<\/div>\n\t\t<\/section>\n\t\t\t\t<section class=\"elementor-section elementor-top-section elementor-element elementor-element-e4f8df4 elementor-section-boxed elementor-section-height-default elementor-section-height-default\" data-id=\"e4f8df4\" data-element_type=\"section\">\n\t\t\t\t\t\t<div class=\"elementor-container elementor-column-gap-default\">\n\t\t\t\t\t<div class=\"elementor-column elementor-col-100 elementor-top-column elementor-element elementor-element-79d7b74\" data-id=\"79d7b74\" data-element_type=\"column\">\n\t\t\t<div class=\"elementor-widget-wrap elementor-element-populated\">\n\t\t\t\t\t\t<div class=\"elementor-element elementor-element-e601d8f elementor-widget elementor-widget-text-editor\" data-id=\"e601d8f\" data-element_type=\"widget\" data-widget_type=\"text-editor.default\">\n\t\t\t\t<div class=\"elementor-widget-container\">\n\t\t\t\t\t\t\t\t\t<p>Guides (M\u00e4dchen) und Sp\u00e4her (Buben) \u00fcbernehmen in einem kleinen Team Verantwortung, erkennen eigene St\u00e4rken und bringen sie in die Gruppe ein. Das Abenteuer im Rahmen von Heimstunden, Outdoor-Camps und Wanderungen bietet den M\u00e4dchen und Buben pr\u00e4gende Erlebnisse. Die Leiter*innen gestalten mit den Guides und Sp\u00e4hern ein abwechslungsreiches Programm und unterst\u00fctzen sie dabei, im Team gemeinsame Entscheidungen zu treffen. Viele Aktivit\u00e4ten finden in der Natur statt. Sie reichen vom Umgang mit Seil und Werkzeug, gemeinsamen Kochen, Spiel und Spa\u00df bis zur Auseinandersetzung mit der Umwelt, in der die Kinder leben. Auch Treffen mit Pfadfinder*innen au\u00dferhalb der eigenen Gruppe kommen nicht zu kurz.<\/p><p><strong>Unsere GuSp-Heimstunden finden jeden Freitag von 18:30 \u2013 20:15 Uhr statt.<\/strong><\/p><p>E-Mail: <a href=\"mailto:gusp-team@wienerneustadt1.at\"><span style=\"color: #bf0000;\">gusp-team@wienerneustadt1.at<\/span><\/a><\/p><article><\/article><p><!-- .hentry --><!-- .lae-posts-carousel-item --><!-- .lae-posts-carousel --><\/p><h1 style=\"text-align: center;\">\u00a0<\/h1>\t\t\t\t\t\t\t\t<\/div>\n\t\t\t\t<\/div>\n\t\t\t\t\t<\/div>\n\t\t<\/div>\n\t\t\t\t\t<\/div>\n\t\t<\/section>\n\t\t\t\t<section class=\"elementor-section elementor-top-section elementor-element elementor-element-928d241 elementor-section-boxed elementor-section-height-default elementor-section-height-default\" data-id=\"928d241\" data-element_type=\"section\">\n\t\t\t\t\t\t<div class=\"elementor-container elementor-column-gap-default\">\n\t\t\t\t\t<div class=\"elementor-column elementor-col-100 elementor-top-column elementor-element elementor-element-9f19c08\" data-id=\"9f19c08\" data-element_type=\"column\">\n\t\t\t<div class=\"elementor-widget-wrap elementor-element-populated\">\n\t\t\t\t\t\t<div class=\"elementor-element elementor-element-c5d7749 elementor-widget elementor-widget-heading\" data-id=\"c5d7749\" data-element_type=\"widget\" data-widget_type=\"heading.default\">\n\t\t\t\t<div class=\"elementor-widget-container\">\n\t\t\t\t\t<h1 class=\"elementor-heading-title elementor-size-default\">Leiter*innen<\/h1>\t\t\t\t<\/div>\n\t\t\t\t<\/div>\n\t\t\t\t<div class=\"elementor-element elementor-element-d1b7fd4 elementor-widget elementor-widget-lae-team-members\" data-id=\"d1b7fd4\" data-element_type=\"widget\" data-widget_type=\"lae-team-members.default\">\n\t\t\t\t<div class=\"elementor-widget-container\">\n\t\t\t\t\t\n\n<div        class=\"lae-team-members lae-team-members-style1 lae-uber-grid-container  lae-grid-auto-column-layout\" >\n\n    \n        \n        \n        \n<div class=\"lae-team-member-wrapper\">\n\n    \n    <div class=\"lae-team-member \" >\n\n        <div class=\"lae-image-wrapper\">\n\n            \n                \n                \n                    <img fetchpriority=\"high\" decoding=\"async\" width=\"300\" height=\"266\" src=\"https:\/\/wienerneustadt1.at\/wp-content\/uploads\/2020\/03\/MHE_4465.jpg\" class=\"lae-image attachment-medium size-medium\" alt=\"MHE_4465\" title=\"MHE_4465\" \/>\n                \n            \n            \n<div class=\"lae-social-wrap\">\n    <div class=\"lae-social-list\">\n\n                        \n        \n        \n        \n        \n        \n        \n    <\/div><!-- .lae-social-list -->\n<\/div><!-- .lae-social-wrap -->\n\n\n\n        <\/div><!-- .lae-image-wrapper -->\n\n        <div class=\"lae-team-member-text\">\n\n            \n            \n                <h3 class=\"lae-title\">Anja Schiefer<\/h3>\n            \n            <div class=\"lae-team-member-position\">\n\n                \n            <\/div>\n\n            <div class=\"lae-team-member-details\">\n\n                \n            <\/div>\n\n        <\/div><!-- .lae-team-member-text -->\n\n    <\/div><!-- .lae-team-member -->\n\n<\/div><!-- .lae-team-member-wrapper -->\n    \n        \n        \n        \n<div class=\"lae-team-member-wrapper\">\n\n    \n    <div class=\"lae-team-member \" >\n\n        <div class=\"lae-image-wrapper\">\n\n            \n                \n                \n                    <img decoding=\"async\" width=\"268\" height=\"300\" src=\"https:\/\/wienerneustadt1.at\/wp-content\/uploads\/2021\/09\/Said-268x300.jpg\" class=\"lae-image attachment-medium size-medium\" alt=\"Said\" title=\"Said\" srcset=\"https:\/\/wienerneustadt1.at\/wp-content\/uploads\/2021\/09\/Said-268x300.jpg 268w, https:\/\/wienerneustadt1.at\/wp-content\/uploads\/2021\/09\/Said-914x1024.jpg 914w, https:\/\/wienerneustadt1.at\/wp-content\/uploads\/2021\/09\/Said-768x861.jpg 768w, https:\/\/wienerneustadt1.at\/wp-content\/uploads\/2021\/09\/Said-1371x1536.jpg 1371w, https:\/\/wienerneustadt1.at\/wp-content\/uploads\/2021\/09\/Said-1828x2048.jpg 1828w\" sizes=\"(max-width: 268px) 100vw, 268px\" \/>\n                \n            \n            \n<div class=\"lae-social-wrap\">\n    <div class=\"lae-social-list\">\n\n                        \n        \n        \n        \n        \n        \n        \n    <\/div><!-- .lae-social-list -->\n<\/div><!-- .lae-social-wrap -->\n\n\n\n        <\/div><!-- .lae-image-wrapper -->\n\n        <div class=\"lae-team-member-text\">\n\n            \n            \n                <h3 class=\"lae-title\">Said Moursi<\/h3>\n            \n            <div class=\"lae-team-member-position\">\n\n                \n            <\/div>\n\n            <div class=\"lae-team-member-details\">\n\n                \n            <\/div>\n\n        <\/div><!-- .lae-team-member-text -->\n\n    <\/div><!-- .lae-team-member -->\n\n<\/div><!-- .lae-team-member-wrapper -->\n    \n        \n        \n        \n<div class=\"lae-team-member-wrapper\">\n\n    \n    <div class=\"lae-team-member \" >\n\n        <div class=\"lae-image-wrapper\">\n\n            \n                \n                \n                    <img decoding=\"async\" width=\"200\" height=\"300\" src=\"https:\/\/wienerneustadt1.at\/wp-content\/uploads\/2023\/09\/WhatsApp-Bild-2023-09-06-um-23.45.41-200x300.jpg\" class=\"lae-image attachment-medium size-medium\" alt=\"WhatsApp Bild 2023-09-06 um 23.45.41\" title=\"WhatsApp Bild 2023-09-06 um 23.45.41\" srcset=\"https:\/\/wienerneustadt1.at\/wp-content\/uploads\/2023\/09\/WhatsApp-Bild-2023-09-06-um-23.45.41-200x300.jpg 200w, https:\/\/wienerneustadt1.at\/wp-content\/uploads\/2023\/09\/WhatsApp-Bild-2023-09-06-um-23.45.41-682x1024.jpg 682w, https:\/\/wienerneustadt1.at\/wp-content\/uploads\/2023\/09\/WhatsApp-Bild-2023-09-06-um-23.45.41-768x1153.jpg 768w, https:\/\/wienerneustadt1.at\/wp-content\/uploads\/2023\/09\/WhatsApp-Bild-2023-09-06-um-23.45.41-1023x1536.jpg 1023w, https:\/\/wienerneustadt1.at\/wp-content\/uploads\/2023\/09\/WhatsApp-Bild-2023-09-06-um-23.45.41.jpg 1066w\" sizes=\"(max-width: 200px) 100vw, 200px\" \/>\n                \n            \n            \n<div class=\"lae-social-wrap\">\n    <div class=\"lae-social-list\">\n\n                        \n        \n        \n        \n        \n        \n        \n    <\/div><!-- .lae-social-list -->\n<\/div><!-- .lae-social-wrap -->\n\n\n\n        <\/div><!-- .lae-image-wrapper -->\n\n        <div class=\"lae-team-member-text\">\n\n            \n            \n                <h3 class=\"lae-title\">Valentin Eidler<\/h3>\n            \n            <div class=\"lae-team-member-position\">\n\n                \n            <\/div>\n\n            <div class=\"lae-team-member-details\">\n\n                \n            <\/div>\n\n        <\/div><!-- .lae-team-member-text -->\n\n    <\/div><!-- .lae-team-member -->\n\n<\/div><!-- .lae-team-member-wrapper -->\n    \n        \n        \n        \n<div class=\"lae-team-member-wrapper\">\n\n    \n    <div class=\"lae-team-member \" >\n\n        <div class=\"lae-image-wrapper\">\n\n            \n                \n                \n                    <img loading=\"lazy\" decoding=\"async\" width=\"296\" height=\"300\" src=\"https:\/\/wienerneustadt1.at\/wp-content\/uploads\/2020\/06\/knoedelchen-1-296x300.png\" class=\"lae-image attachment-medium size-medium\" alt=\"knoedelchen\" title=\"knoedelchen\" srcset=\"https:\/\/wienerneustadt1.at\/wp-content\/uploads\/2020\/06\/knoedelchen-1-296x300.png 296w, https:\/\/wienerneustadt1.at\/wp-content\/uploads\/2020\/06\/knoedelchen-1.png 693w\" sizes=\"(max-width: 296px) 100vw, 296px\" \/>\n                \n            \n            \n<div class=\"lae-social-wrap\">\n    <div class=\"lae-social-list\">\n\n                        \n        \n        \n        \n        \n        \n        \n    <\/div><!-- .lae-social-list -->\n<\/div><!-- .lae-social-wrap -->\n\n\n\n        <\/div><!-- .lae-image-wrapper -->\n\n        <div class=\"lae-team-member-text\">\n\n            \n            \n                <h3 class=\"lae-title\">Melanie Schreier<\/h3>\n            \n            <div class=\"lae-team-member-position\">\n\n                \n            <\/div>\n\n            <div class=\"lae-team-member-details\">\n\n                \n            <\/div>\n\n        <\/div><!-- .lae-team-member-text -->\n\n    <\/div><!-- .lae-team-member -->\n\n<\/div><!-- .lae-team-member-wrapper -->\n    \n        \n        \n        \n<div class=\"lae-team-member-wrapper\">\n\n    \n    <div class=\"lae-team-member \" >\n\n        <div class=\"lae-image-wrapper\">\n\n            \n                \n                \n                    <img loading=\"lazy\" decoding=\"async\" width=\"296\" height=\"300\" src=\"https:\/\/wienerneustadt1.at\/wp-content\/uploads\/2020\/06\/knoedelchen-1-296x300.png\" class=\"lae-image attachment-medium size-medium\" alt=\"knoedelchen\" title=\"knoedelchen\" srcset=\"https:\/\/wienerneustadt1.at\/wp-content\/uploads\/2020\/06\/knoedelchen-1-296x300.png 296w, https:\/\/wienerneustadt1.at\/wp-content\/uploads\/2020\/06\/knoedelchen-1.png 693w\" sizes=\"(max-width: 296px) 100vw, 296px\" \/>\n                \n            \n            \n<div class=\"lae-social-wrap\">\n    <div class=\"lae-social-list\">\n\n                        \n        \n        \n        \n        \n        \n        \n    <\/div><!-- .lae-social-list -->\n<\/div><!-- .lae-social-wrap -->\n\n\n\n        <\/div><!-- .lae-image-wrapper -->\n\n        <div class=\"lae-team-member-text\">\n\n            \n            \n                <h3 class=\"lae-title\">Max H\u00f6fler<\/h3>\n            \n            <div class=\"lae-team-member-position\">\n\n                \n            <\/div>\n\n            <div class=\"lae-team-member-details\">\n\n                Details about team member\n            <\/div>\n\n        <\/div><!-- .lae-team-member-text -->\n\n    <\/div><!-- .lae-team-member -->\n\n<\/div><!-- .lae-team-member-wrapper -->\n    \n<\/div><!-- .lae-team-members -->\n\n<div class=\"lae-clear\"><\/div>\t\t\t\t<\/div>\n\t\t\t\t<\/div>\n\t\t\t\t\t<\/div>\n\t\t<\/div>\n\t\t\t\t\t<\/div>\n\t\t<\/section>\n\t\t\t\t<\/div>\n\t\t","protected":false},"excerpt":{"rendered":"<p>Guides und Sp\u00e4her (10-13 Jahre) Guides (M\u00e4dchen) und Sp\u00e4her (Buben) \u00fcbernehmen in einem kleinen Team Verantwortung, erkennen eigene St\u00e4rken und bringen sie in die Gruppe ein. Das Abenteuer im Rahmen von Heimstunden, Outdoor-Camps und Wanderungen bietet den M\u00e4dchen und Buben pr\u00e4gende Erlebnisse. Die Leiter*innen gestalten mit den Guides und Sp\u00e4hern ein abwechslungsreiches Programm und unterst\u00fctzen [&hellip;]<\/p>\n","protected":false},"author":1,"featured_media":0,"parent":0,"menu_order":0,"comment_status":"closed","ping_status":"closed","template":"","meta":{"ocean_post_layout":"full-screen","ocean_both_sidebars_style":"","ocean_both_sidebars_content_width":0,"ocean_both_sidebars_sidebars_width":0,"ocean_sidebar":"0","ocean_second_sidebar":"0","ocean_disable_margins":"enable","ocean_add_body_class":"","ocean_shortcode_before_top_bar":"","ocean_shortcode_after_top_bar":"","ocean_shortcode_before_header":"","ocean_shortcode_after_header":"","ocean_has_shortcode":"","ocean_shortcode_after_title":"","ocean_shortcode_before_footer_widgets":"","ocean_shortcode_after_footer_widgets":"","ocean_shortcode_before_footer_bottom":"","ocean_shortcode_after_footer_bottom":"","ocean_display_top_bar":"default","ocean_display_header":"default","ocean_header_style":"","ocean_center_header_left_menu":"0","ocean_custom_header_template":"0","ocean_custom_logo":0,"ocean_custom_retina_logo":0,"ocean_custom_logo_max_width":0,"ocean_custom_logo_tablet_max_width":0,"ocean_custom_logo_mobile_max_width":0,"ocean_custom_logo_max_height":0,"ocean_custom_logo_tablet_max_height":0,"ocean_custom_logo_mobile_max_height":0,"ocean_header_custom_menu":"0","ocean_menu_typo_font_family":"0","ocean_menu_typo_font_subset":"","ocean_menu_typo_font_size":0,"ocean_menu_typo_font_size_tablet":0,"ocean_menu_typo_font_size_mobile":0,"ocean_menu_typo_font_size_unit":"px","ocean_menu_typo_font_weight":"","ocean_menu_typo_font_weight_tablet":"","ocean_menu_typo_font_weight_mobile":"","ocean_menu_typo_transform":"","ocean_menu_typo_transform_tablet":"","ocean_menu_typo_transform_mobile":"","ocean_menu_typo_line_height":0,"ocean_menu_typo_line_height_tablet":0,"ocean_menu_typo_line_height_mobile":0,"ocean_menu_typo_line_height_unit":"","ocean_menu_typo_spacing":0,"ocean_menu_typo_spacing_tablet":0,"ocean_menu_typo_spacing_mobile":0,"ocean_menu_typo_spacing_unit":"","ocean_menu_link_color":"","ocean_menu_link_color_hover":"","ocean_menu_link_color_active":"","ocean_menu_link_background":"","ocean_menu_link_hover_background":"","ocean_menu_link_active_background":"","ocean_menu_social_links_bg":"","ocean_menu_social_hover_links_bg":"","ocean_menu_social_links_color":"","ocean_menu_social_hover_links_color":"","ocean_disable_title":"default","ocean_disable_heading":"on","ocean_post_title":"","ocean_post_subheading":"","ocean_post_title_style":"background-image","ocean_post_title_background_color":"","ocean_post_title_background":1810,"ocean_post_title_bg_image_position":"top center","ocean_post_title_bg_image_attachment":"","ocean_post_title_bg_image_repeat":"","ocean_post_title_bg_image_size":"","ocean_post_title_height":500,"ocean_post_title_bg_overlay":0.5,"ocean_post_title_bg_overlay_color":"","ocean_disable_breadcrumbs":"off","ocean_breadcrumbs_color":"","ocean_breadcrumbs_separator_color":"","ocean_breadcrumbs_links_color":"","ocean_breadcrumbs_links_hover_color":"","ocean_display_footer_widgets":"default","ocean_display_footer_bottom":"default","ocean_custom_footer_template":"0","footnotes":""},"class_list":["post-1276","page","type-page","status-publish","hentry","entry"],"_links":{"self":[{"href":"https:\/\/wienerneustadt1.at\/index.php\/wp-json\/wp\/v2\/pages\/1276","targetHints":{"allow":["GET"]}}],"collection":[{"href":"https:\/\/wienerneustadt1.at\/index.php\/wp-json\/wp\/v2\/pages"}],"about":[{"href":"https:\/\/wienerneustadt1.at\/index.php\/wp-json\/wp\/v2\/types\/page"}],"author":[{"embeddable":true,"href":"https:\/\/wienerneustadt1.at\/index.php\/wp-json\/wp\/v2\/users\/1"}],"replies":[{"embeddable":true,"href":"https:\/\/wienerneustadt1.at\/index.php\/wp-json\/wp\/v2\/comments?post=1276"}],"version-history":[{"count":118,"href":"https:\/\/wienerneustadt1.at\/index.php\/wp-json\/wp\/v2\/pages\/1276\/revisions"}],"predecessor-version":[{"id":5597,"href":"https:\/\/wienerneustadt1.at\/index.php\/wp-json\/wp\/v2\/pages\/1276\/revisions\/5597"}],"wp:attachment":[{"href":"https:\/\/wienerneustadt1.at\/index.php\/wp-json\/wp\/v2\/media?parent=1276"}],"curies":[{"name":"wp","href":"https:\/\/api.w.org\/{rel}","templated":true}]}}