{"id":1268,"date":"2019-07-04T10:50:57","date_gmt":"2019-07-04T08:50:57","guid":{"rendered":"https:\/\/beispielwebsite.das-ppoe.at\/?page_id=1268"},"modified":"2026-01-19T20:11:10","modified_gmt":"2026-01-19T19:11:10","slug":"wiwoe","status":"publish","type":"page","link":"https:\/\/wienerneustadt1.at\/index.php\/wiwoe\/","title":{"rendered":"WiW\u00f6"},"content":{"rendered":"\t\t<div data-elementor-type=\"wp-post\" data-elementor-id=\"1268\" class=\"elementor elementor-1268\">\n\t\t\t\t\t\t<section class=\"elementor-section elementor-top-section elementor-element elementor-element-ef9164a elementor-section-full_width elementor-section-height-default elementor-section-height-default\" data-id=\"ef9164a\" data-element_type=\"section\" data-settings=\"{&quot;background_background&quot;:&quot;gradient&quot;}\">\n\t\t\t\t\t\t\t<div class=\"elementor-background-overlay\"><\/div>\n\t\t\t\t\t\t\t<div class=\"elementor-container elementor-column-gap-no\">\n\t\t\t\t\t<div class=\"elementor-column elementor-col-100 elementor-top-column elementor-element elementor-element-21ede24\" data-id=\"21ede24\" data-element_type=\"column\">\n\t\t\t<div class=\"elementor-widget-wrap\">\n\t\t\t\t\t\t\t<\/div>\n\t\t<\/div>\n\t\t\t\t\t<\/div>\n\t\t<\/section>\n\t\t\t\t<section class=\"elementor-section elementor-top-section elementor-element elementor-element-430b9cb elementor-section-boxed elementor-section-height-default elementor-section-height-default\" data-id=\"430b9cb\" data-element_type=\"section\">\n\t\t\t\t\t\t<div class=\"elementor-container elementor-column-gap-default\">\n\t\t\t\t\t<div class=\"elementor-column elementor-col-100 elementor-top-column elementor-element elementor-element-481c4a62\" data-id=\"481c4a62\" data-element_type=\"column\">\n\t\t\t<div class=\"elementor-widget-wrap elementor-element-populated\">\n\t\t\t\t\t\t<div class=\"elementor-element elementor-element-2a2985e4 elementor-widget elementor-widget-heading\" data-id=\"2a2985e4\" data-element_type=\"widget\" data-widget_type=\"heading.default\">\n\t\t\t\t<div class=\"elementor-widget-container\">\n\t\t\t\t\t<h1 class=\"elementor-heading-title elementor-size-xl\">Wichtel und W\u00f6lflinge (7-10 Jahre)<\/h1>\t\t\t\t<\/div>\n\t\t\t\t<\/div>\n\t\t\t\t<div class=\"elementor-element elementor-element-b389994 elementor-widget elementor-widget-text-editor\" data-id=\"b389994\" data-element_type=\"widget\" data-widget_type=\"text-editor.default\">\n\t\t\t\t<div class=\"elementor-widget-container\">\n\t\t\t\t\t\t\t\t\t<p>Pfadfinder*innen ab ab sieben hei\u00dfen Wichtel (M\u00e4dchen) und W\u00f6lflinge (Buben). Im Spiel entwickeln sie ihre kindliche Pers\u00f6nlichkeit und entdecken ihre F\u00e4higkeiten und Talente. Die Leiter*innen stehen als Bezugspersonen im Mittelpunkt der Gemeinschaft. Wichtel und W\u00f6lflinge schlie\u00dfen viele Freundschaften und entdecken in der Gemeinschaft immer wieder Neues. Spiel, Spa\u00df und Bewegung kommen nicht zu kurz. Sie schl\u00fcpfen bei Rahmengeschichten in andere Rollen, lassen der Fantasie freien Lauf und bewegen sich in der freien Natur.<\/p>\n<p><strong>Unsere WiW\u00f6-Heimstunden finden jeden Mittwoch von 17:30 &#8211; 19:00 Uhr sowie Freitag von 17:00 &#8211; 18:30 statt.<\/strong><\/p>\n<p>E-Mail: <a href=\"mailto:wiwoe-team@wienerneustadt1.at\"><span style=\"color: #bf0000;\">wiwoe-team@wienerneustadt1.at<\/span><\/a><\/p>\n<h1 style=\"text-align: center;\">&nbsp;<\/h1>\t\t\t\t\t\t\t\t<\/div>\n\t\t\t\t<\/div>\n\t\t\t\t\t<\/div>\n\t\t<\/div>\n\t\t\t\t\t<\/div>\n\t\t<\/section>\n\t\t\t\t<section class=\"elementor-section elementor-top-section elementor-element elementor-element-4806a9b elementor-section-boxed elementor-section-height-default elementor-section-height-default\" data-id=\"4806a9b\" data-element_type=\"section\">\n\t\t\t\t\t\t<div class=\"elementor-container elementor-column-gap-default\">\n\t\t\t\t\t<div class=\"elementor-column elementor-col-100 elementor-top-column elementor-element elementor-element-762ad87\" data-id=\"762ad87\" data-element_type=\"column\">\n\t\t\t<div class=\"elementor-widget-wrap elementor-element-populated\">\n\t\t\t\t\t\t<div class=\"elementor-element elementor-element-844f048 elementor-widget elementor-widget-heading\" data-id=\"844f048\" data-element_type=\"widget\" data-widget_type=\"heading.default\">\n\t\t\t\t<div class=\"elementor-widget-container\">\n\t\t\t\t\t<h1 class=\"elementor-heading-title elementor-size-default\">Leiter*innen<\/h1>\t\t\t\t<\/div>\n\t\t\t\t<\/div>\n\t\t\t\t<div class=\"elementor-element elementor-element-fc85b2b elementor-widget elementor-widget-lae-team-members\" data-id=\"fc85b2b\" data-element_type=\"widget\" data-widget_type=\"lae-team-members.default\">\n\t\t\t\t<div class=\"elementor-widget-container\">\n\t\t\t\t\t\n\n<div        class=\"lae-team-members lae-team-members-style1 lae-uber-grid-container  lae-grid-auto-column-layout\" >\n\n    \n        \n        \n        \n<div class=\"lae-team-member-wrapper\">\n\n    \n    <div class=\"lae-team-member \" >\n\n        <div class=\"lae-image-wrapper\">\n\n            \n                \n                \n                    <img fetchpriority=\"high\" decoding=\"async\" width=\"2560\" height=\"2429\" src=\"https:\/\/wienerneustadt1.at\/wp-content\/uploads\/2021\/12\/Lisa-Lang-scaled.jpg\" class=\"lae-image attachment-full size-full\" alt=\"Lisa Lang\" title=\"Lisa Lang\" srcset=\"https:\/\/wienerneustadt1.at\/wp-content\/uploads\/2021\/12\/Lisa-Lang-scaled.jpg 2560w, https:\/\/wienerneustadt1.at\/wp-content\/uploads\/2021\/12\/Lisa-Lang-300x285.jpg 300w, https:\/\/wienerneustadt1.at\/wp-content\/uploads\/2021\/12\/Lisa-Lang-1024x971.jpg 1024w, https:\/\/wienerneustadt1.at\/wp-content\/uploads\/2021\/12\/Lisa-Lang-768x729.jpg 768w, https:\/\/wienerneustadt1.at\/wp-content\/uploads\/2021\/12\/Lisa-Lang-1536x1457.jpg 1536w, https:\/\/wienerneustadt1.at\/wp-content\/uploads\/2021\/12\/Lisa-Lang-2048x1943.jpg 2048w\" sizes=\"(max-width: 2560px) 100vw, 2560px\" \/>\n                \n            \n            \n<div class=\"lae-social-wrap\">\n    <div class=\"lae-social-list\">\n\n                        \n        \n        \n        \n        \n        \n        \n    <\/div><!-- .lae-social-list -->\n<\/div><!-- .lae-social-wrap -->\n\n\n\n        <\/div><!-- .lae-image-wrapper -->\n\n        <div class=\"lae-team-member-text\">\n\n            \n            \n                <h3 class=\"lae-title\">Lisa Lang<\/h3>\n            \n            <div class=\"lae-team-member-position\">\n\n                \n            <\/div>\n\n            <div class=\"lae-team-member-details\">\n\n                \n            <\/div>\n\n        <\/div><!-- .lae-team-member-text -->\n\n    <\/div><!-- .lae-team-member -->\n\n<\/div><!-- .lae-team-member-wrapper -->\n    \n        \n        \n        \n<div class=\"lae-team-member-wrapper\">\n\n    \n    <div class=\"lae-team-member \" >\n\n        <div class=\"lae-image-wrapper\">\n\n            \n                \n                \n                    <img decoding=\"async\" width=\"2362\" height=\"2300\" src=\"https:\/\/wienerneustadt1.at\/wp-content\/uploads\/2021\/09\/Patrick-Grabensteiner.jpg\" class=\"lae-image attachment-full size-full\" alt=\"Patrick Grabensteiner\" title=\"Patrick Grabensteiner\" srcset=\"https:\/\/wienerneustadt1.at\/wp-content\/uploads\/2021\/09\/Patrick-Grabensteiner.jpg 2362w, https:\/\/wienerneustadt1.at\/wp-content\/uploads\/2021\/09\/Patrick-Grabensteiner-300x292.jpg 300w, https:\/\/wienerneustadt1.at\/wp-content\/uploads\/2021\/09\/Patrick-Grabensteiner-1024x997.jpg 1024w, https:\/\/wienerneustadt1.at\/wp-content\/uploads\/2021\/09\/Patrick-Grabensteiner-768x748.jpg 768w, https:\/\/wienerneustadt1.at\/wp-content\/uploads\/2021\/09\/Patrick-Grabensteiner-1536x1496.jpg 1536w, https:\/\/wienerneustadt1.at\/wp-content\/uploads\/2021\/09\/Patrick-Grabensteiner-2048x1994.jpg 2048w\" sizes=\"(max-width: 2362px) 100vw, 2362px\" \/>\n                \n            \n            \n<div class=\"lae-social-wrap\">\n    <div class=\"lae-social-list\">\n\n                        \n        \n        \n        \n        \n        \n        \n    <\/div><!-- .lae-social-list -->\n<\/div><!-- .lae-social-wrap -->\n\n\n\n        <\/div><!-- .lae-image-wrapper -->\n\n        <div class=\"lae-team-member-text\">\n\n            \n            \n                <h3 class=\"lae-title\">Patrick Schiefer<\/h3>\n            \n            <div class=\"lae-team-member-position\">\n\n                \n            <\/div>\n\n            <div class=\"lae-team-member-details\">\n\n                \n            <\/div>\n\n        <\/div><!-- .lae-team-member-text -->\n\n    <\/div><!-- .lae-team-member -->\n\n<\/div><!-- .lae-team-member-wrapper -->\n    \n        \n        \n        \n<div class=\"lae-team-member-wrapper\">\n\n    \n    <div class=\"lae-team-member \" >\n\n        <div class=\"lae-image-wrapper\">\n\n            \n                \n                \n                    <img decoding=\"async\" width=\"693\" height=\"702\" src=\"https:\/\/wienerneustadt1.at\/wp-content\/uploads\/2020\/06\/knoedelchen-1.png\" class=\"lae-image attachment-full size-full\" alt=\"knoedelchen\" title=\"knoedelchen\" srcset=\"https:\/\/wienerneustadt1.at\/wp-content\/uploads\/2020\/06\/knoedelchen-1.png 693w, https:\/\/wienerneustadt1.at\/wp-content\/uploads\/2020\/06\/knoedelchen-1-296x300.png 296w\" sizes=\"(max-width: 693px) 100vw, 693px\" \/>\n                \n            \n            \n<div class=\"lae-social-wrap\">\n    <div class=\"lae-social-list\">\n\n                        \n        \n        \n        \n        \n        \n        \n    <\/div><!-- .lae-social-list -->\n<\/div><!-- .lae-social-wrap -->\n\n\n\n        <\/div><!-- .lae-image-wrapper -->\n\n        <div class=\"lae-team-member-text\">\n\n            \n            \n                <h3 class=\"lae-title\">Emma Sittner<\/h3>\n            \n            <div class=\"lae-team-member-position\">\n\n                \n            <\/div>\n\n            <div class=\"lae-team-member-details\">\n\n                \n            <\/div>\n\n        <\/div><!-- .lae-team-member-text -->\n\n    <\/div><!-- .lae-team-member -->\n\n<\/div><!-- .lae-team-member-wrapper -->\n    \n<\/div><!-- .lae-team-members -->\n\n<div class=\"lae-clear\"><\/div>\t\t\t\t<\/div>\n\t\t\t\t<\/div>\n\t\t\t\t\t<\/div>\n\t\t<\/div>\n\t\t\t\t\t<\/div>\n\t\t<\/section>\n\t\t\t\t<\/div>\n\t\t","protected":false},"excerpt":{"rendered":"<p>Wichtel und W\u00f6lflinge (7-10 Jahre) Pfadfinder*innen ab ab sieben hei\u00dfen Wichtel (M\u00e4dchen) und W\u00f6lflinge (Buben). Im Spiel entwickeln sie ihre kindliche Pers\u00f6nlichkeit und entdecken ihre F\u00e4higkeiten und Talente. Die Leiter*innen stehen als Bezugspersonen im Mittelpunkt der Gemeinschaft. Wichtel und W\u00f6lflinge schlie\u00dfen viele Freundschaften und entdecken in der Gemeinschaft immer wieder Neues. Spiel, Spa\u00df und Bewegung [&hellip;]<\/p>\n","protected":false},"author":1,"featured_media":1803,"parent":0,"menu_order":0,"comment_status":"closed","ping_status":"closed","template":"","meta":{"ocean_post_layout":"full-screen","ocean_both_sidebars_style":"","ocean_both_sidebars_content_width":0,"ocean_both_sidebars_sidebars_width":0,"ocean_sidebar":"0","ocean_second_sidebar":"0","ocean_disable_margins":"enable","ocean_add_body_class":"","ocean_shortcode_before_top_bar":"","ocean_shortcode_after_top_bar":"","ocean_shortcode_before_header":"","ocean_shortcode_after_header":"","ocean_has_shortcode":"","ocean_shortcode_after_title":"","ocean_shortcode_before_footer_widgets":"","ocean_shortcode_after_footer_widgets":"","ocean_shortcode_before_footer_bottom":"","ocean_shortcode_after_footer_bottom":"","ocean_display_top_bar":"default","ocean_display_header":"default","ocean_header_style":"","ocean_center_header_left_menu":"0","ocean_custom_header_template":"0","ocean_custom_logo":1803,"ocean_custom_retina_logo":0,"ocean_custom_logo_max_width":0,"ocean_custom_logo_tablet_max_width":0,"ocean_custom_logo_mobile_max_width":60,"ocean_custom_logo_max_height":0,"ocean_custom_logo_tablet_max_height":0,"ocean_custom_logo_mobile_max_height":0,"ocean_header_custom_menu":"0","ocean_menu_typo_font_family":"0","ocean_menu_typo_font_subset":"","ocean_menu_typo_font_size":0,"ocean_menu_typo_font_size_tablet":0,"ocean_menu_typo_font_size_mobile":0,"ocean_menu_typo_font_size_unit":"px","ocean_menu_typo_font_weight":"","ocean_menu_typo_font_weight_tablet":"","ocean_menu_typo_font_weight_mobile":"","ocean_menu_typo_transform":"","ocean_menu_typo_transform_tablet":"","ocean_menu_typo_transform_mobile":"","ocean_menu_typo_line_height":0,"ocean_menu_typo_line_height_tablet":0,"ocean_menu_typo_line_height_mobile":0,"ocean_menu_typo_line_height_unit":"","ocean_menu_typo_spacing":0,"ocean_menu_typo_spacing_tablet":0,"ocean_menu_typo_spacing_mobile":0,"ocean_menu_typo_spacing_unit":"","ocean_menu_link_color":"","ocean_menu_link_color_hover":"","ocean_menu_link_color_active":"","ocean_menu_link_background":"","ocean_menu_link_hover_background":"","ocean_menu_link_active_background":"","ocean_menu_social_links_bg":"","ocean_menu_social_hover_links_bg":"","ocean_menu_social_links_color":"","ocean_menu_social_hover_links_color":"","ocean_disable_title":"default","ocean_disable_heading":"on","ocean_post_title":"","ocean_post_subheading":"","ocean_post_title_style":"background-image","ocean_post_title_background_color":"","ocean_post_title_background":1803,"ocean_post_title_bg_image_position":"top center","ocean_post_title_bg_image_attachment":"","ocean_post_title_bg_image_repeat":"","ocean_post_title_bg_image_size":"","ocean_post_title_height":500,"ocean_post_title_bg_overlay":0.5,"ocean_post_title_bg_overlay_color":"","ocean_disable_breadcrumbs":"off","ocean_breadcrumbs_color":"","ocean_breadcrumbs_separator_color":"","ocean_breadcrumbs_links_color":"","ocean_breadcrumbs_links_hover_color":"","ocean_display_footer_widgets":"default","ocean_display_footer_bottom":"default","ocean_custom_footer_template":"0","footnotes":""},"class_list":["post-1268","page","type-page","status-publish","has-post-thumbnail","hentry","entry","has-media"],"_links":{"self":[{"href":"https:\/\/wienerneustadt1.at\/index.php\/wp-json\/wp\/v2\/pages\/1268","targetHints":{"allow":["GET"]}}],"collection":[{"href":"https:\/\/wienerneustadt1.at\/index.php\/wp-json\/wp\/v2\/pages"}],"about":[{"href":"https:\/\/wienerneustadt1.at\/index.php\/wp-json\/wp\/v2\/types\/page"}],"author":[{"embeddable":true,"href":"https:\/\/wienerneustadt1.at\/index.php\/wp-json\/wp\/v2\/users\/1"}],"replies":[{"embeddable":true,"href":"https:\/\/wienerneustadt1.at\/index.php\/wp-json\/wp\/v2\/comments?post=1268"}],"version-history":[{"count":104,"href":"https:\/\/wienerneustadt1.at\/index.php\/wp-json\/wp\/v2\/pages\/1268\/revisions"}],"predecessor-version":[{"id":5922,"href":"https:\/\/wienerneustadt1.at\/index.php\/wp-json\/wp\/v2\/pages\/1268\/revisions\/5922"}],"wp:featuredmedia":[{"embeddable":true,"href":"https:\/\/wienerneustadt1.at\/index.php\/wp-json\/wp\/v2\/media\/1803"}],"wp:attachment":[{"href":"https:\/\/wienerneustadt1.at\/index.php\/wp-json\/wp\/v2\/media?parent=1268"}],"curies":[{"name":"wp","href":"https:\/\/api.w.org\/{rel}","templated":true}]}}